{"id":1813,"date":"2024-01-24T08:45:22","date_gmt":"2024-01-24T08:45:22","guid":{"rendered":"https:\/\/dev.peick.ro\/project\/bin-in-bin-picking\/"},"modified":"2024-01-24T11:35:26","modified_gmt":"2024-01-24T11:35:26","slug":"bin-in-bin-picking","status":"publish","type":"page","link":"https:\/\/peick-automation.ro\/de\/project\/bin-in-bin-picking\/","title":{"rendered":"Bin in Bin Picking"},"content":{"rendered":"\t<section class=\"section dark\" id=\"section_719307358\">\n\t\t<div class=\"bg section-bg fill bg-fill  bg-loaded\" >\n\n\t\t\t\n\t\t\t\n\t\t\t\n\n\t\t<\/div>\n\n\t\t\n\n\t\t<div class=\"section-content relative\">\n\t\t\t\n<div class=\"row align-center\"  id=\"row-1181381482\">\n\n\t<div id=\"col-104181572\" class=\"col medium-10 small-12 large-12\"  >\n\t\t\t\t<div class=\"col-inner text-center\"  >\n\t\t\t\n\t\t\t\n\t<div id=\"text-2427138666\" class=\"text blockquote-h1\">\n\t\t\n<blockquote style=\"border-left-color:white !important;\">\n<h1 style=\"text-align: left;\"><span data-text-color=\"white\">Bin in Bin Picking<\/span><\/h1>\n<\/blockquote>\n\t\t\t<\/div>\n\t\n\t\t<\/div>\n\t\t\t\t\t<\/div>\n\n\t\n<\/div>\n\t\t<\/div>\n\n\t\t\n<style>\n#section_719307358 {\n  padding-top: 30px;\n  padding-bottom: 30px;\n  min-height: 280px;\n  background-color: #a42237;\n}\n<\/style>\n\t<\/section>\n\t\n\t<section class=\"section\" id=\"section_747463053\">\n\t\t<div class=\"bg section-bg fill bg-fill  bg-loaded\" >\n\n\t\t\t\n\t\t\t\n\t\t\t\n\n\t\t<\/div>\n\n\t\t\n\n\t\t<div class=\"section-content relative\">\n\t\t\t\n<div class=\"row\" style=\"max-width:1400px\" id=\"row-74105092\">\n\n\t<div id=\"col-1343804391\" class=\"col medium-1 small-12 large-1\"  >\n\t\t\t\t<div class=\"col-inner\"  >\n\t\t\t\n\t\t\t\n\t\t<\/div>\n\t\t\t\t\t<\/div>\n\n\t\n\n\t<div id=\"col-71626465\" class=\"col medium-7 small-12 large-7\"  >\n\t\t\t\t<div class=\"col-inner text-center box-shadow-3\" style=\"background-color:rgb(255, 255, 255);\" >\n\t\t\t\n\t\t\t\n\t<div class=\"img has-hover x md-x lg-x y md-y lg-y\" id=\"image_611106826\">\n\t\t\t\t\t\t\t\t<div class=\"img-inner dark\" >\n\t\t\t<img loading=\"lazy\" decoding=\"async\" width=\"842\" height=\"587\" src=\"https:\/\/peick-automation.ro\/wp-content\/uploads\/2024\/01\/Pic-5-1.jpg\" class=\"attachment-original size-original\" alt=\"\" srcset=\"https:\/\/peick-automation.ro\/wp-content\/uploads\/2024\/01\/Pic-5-1.jpg 842w, https:\/\/peick-automation.ro\/wp-content\/uploads\/2024\/01\/Pic-5-1-300x209.jpg 300w, https:\/\/peick-automation.ro\/wp-content\/uploads\/2024\/01\/Pic-5-1-768x535.jpg 768w\" sizes=\"auto, (max-width: 842px) 100vw, 842px\" \/>\t\t\t\t\t\t\n\t\t\t\t\t<\/div>\n\t\t\t\t\t\t\t\t\n<style>\n#image_611106826 {\n  width: 100%;\n}\n<\/style>\n\t<\/div>\n\t\n\t\t<\/div>\n\t\t\t\t\n<style>\n#col-71626465 > .col-inner {\n  margin: -80px 0px 0px 0px;\n}\n<\/style>\n\t<\/div>\n\n\t\n\n\t<div id=\"col-410777957\" class=\"col medium-3 small-12 large-3\"  >\n\t\t\t\t<div class=\"col-inner text-center box-shadow-3\" style=\"background-color:rgb(255,255,255);\" >\n\t\t\t\n\t\t\t\n<div class=\"row row-collapse\"  id=\"row-1523717381\">\n\n\t<div id=\"col-1926217971\" class=\"col small-12 large-12\"  >\n\t\t\t\t<div class=\"col-inner text-left\"  >\n\t\t\t\n\t\t\t\n<h2><span style=\"color: black;\">FOKUS<\/span> <\/h2>\n\n\t\t<div class=\"icon-box featured-box icon-box-left text-left\"  >\n\t\t\t\t\t<div class=\"icon-box-img\" style=\"width: 25px\">\n\t\t\t\t<div class=\"icon\">\n\t\t\t\t\t<div class=\"icon-inner\" style=\"color:rgb(164, 34, 55);\">\n\t\t\t\t\t\t<?xml version=\"1.0\" encoding=\"UTF-8\" standalone=\"no\"?>\n<svg xmlns=\"http:\/\/www.w3.org\/2000\/svg\" version=\"1.0\" width=\"166.000000pt\" height=\"165.000000pt\" viewBox=\"0 0 166.000000 165.000000\" preserveAspectRatio=\"xMidYMid meet\">\n  <g transform=\"translate(0.000000,165.000000) scale(0.100000,-0.100000)\" fill=\"#000000\" stroke=\"none\">\n    <path d=\"M715 1503 c-131 -18 -273 -87 -377 -182 -100 -92 -176 -224 -209 -361 -16 -71 -16 -230 1 -299 92 -380 451 -612 828 -535 148 30 305 126 397 242 57 71 120 197 141 282 25 101 15 292 -20 388 -42 113 -92 190 -176 272 -154 151 -371 223 -585 193z m220 -118 c215 -45 394 -216 450 -430 19 -75 19 -214 0 -288 -79 -303 -385 -497 -684 -433 -284 60 -472 290 -472 576 0 376 339 652 706 575z\"><\/path>\n    <path d=\"M703 1142 c-85 -31 -156 -92 -201 -177 -24 -45 -27 -60 -27 -155 0 -98 2 -109 30 -158 39 -72 122 -146 187 -168 68 -24 176 -23 246 0 65 22 147 95 187 168 28 49 30 60 30 158 0 121 -14 158 -92 241 -90 96 -240 134 -360 91z\"><\/path>\n  <\/g>\n<\/svg>\n\t\t\t\t\t<\/div>\n\t\t\t\t<\/div>\n\t\t\t<\/div>\n\t\t\t\t<div class=\"icon-box-text last-reset\">\n\t\t\t\t\t\t\t\t\t\n\t<div id=\"text-748261829\" class=\"text\">\n\t\t\n<p style=\"margin-bottom:5px\"><strong>Automatisiertes Einsetzen<\/strong><\/p>\n<p>von KLTs im Matrix XY<\/p>\n\t\t\n<style>\n#text-748261829 {\n  text-align: left;\n  color: rgb(0, 0, 0);\n}\n#text-748261829 > * {\n  color: rgb(0, 0, 0);\n}\n<\/style>\n\t<\/div>\n\t\n\t\t<\/div>\n\t<\/div>\n\t\n\t\n\n\t\t<div class=\"icon-box featured-box icon-box-left text-left\"  >\n\t\t\t\t\t<div class=\"icon-box-img\" style=\"width: 25px\">\n\t\t\t\t<div class=\"icon\">\n\t\t\t\t\t<div class=\"icon-inner\" style=\"color:rgb(164, 34, 55);\">\n\t\t\t\t\t\t<?xml version=\"1.0\" encoding=\"UTF-8\" standalone=\"no\"?>\n<svg xmlns=\"http:\/\/www.w3.org\/2000\/svg\" version=\"1.0\" width=\"166.000000pt\" height=\"165.000000pt\" viewBox=\"0 0 166.000000 165.000000\" preserveAspectRatio=\"xMidYMid meet\">\n  <g transform=\"translate(0.000000,165.000000) scale(0.100000,-0.100000)\" fill=\"#000000\" stroke=\"none\">\n    <path d=\"M715 1503 c-131 -18 -273 -87 -377 -182 -100 -92 -176 -224 -209 -361 -16 -71 -16 -230 1 -299 92 -380 451 -612 828 -535 148 30 305 126 397 242 57 71 120 197 141 282 25 101 15 292 -20 388 -42 113 -92 190 -176 272 -154 151 -371 223 -585 193z m220 -118 c215 -45 394 -216 450 -430 19 -75 19 -214 0 -288 -79 -303 -385 -497 -684 -433 -284 60 -472 290 -472 576 0 376 339 652 706 575z\"><\/path>\n    <path d=\"M703 1142 c-85 -31 -156 -92 -201 -177 -24 -45 -27 -60 -27 -155 0 -98 2 -109 30 -158 39 -72 122 -146 187 -168 68 -24 176 -23 246 0 65 22 147 95 187 168 28 49 30 60 30 158 0 121 -14 158 -92 241 -90 96 -240 134 -360 91z\"><\/path>\n  <\/g>\n<\/svg>\n\t\t\t\t\t<\/div>\n\t\t\t\t<\/div>\n\t\t\t<\/div>\n\t\t\t\t<div class=\"icon-box-text last-reset\">\n\t\t\t\t\t\t\t\t\t\n\t<div id=\"text-4062741469\" class=\"text\">\n\t\t\n<p style=\"margin-bottom:5px\"><strong>Automatisiertes Herausnehmen<\/strong><\/p>\n<p>von KLTs im Martix XY<\/p>\n\t\t\n<style>\n#text-4062741469 {\n  text-align: left;\n  color: rgb(0, 0, 0);\n}\n#text-4062741469 > * {\n  color: rgb(0, 0, 0);\n}\n<\/style>\n\t<\/div>\n\t\n\t\t<\/div>\n\t<\/div>\n\t\n\t\n\t\t<\/div>\n\t\t\t\t\t<\/div>\n\n\t\n\n\t<div id=\"col-1819002662\" class=\"col small-12 large-12\"  >\n\t\t\t\t<div class=\"col-inner\"  >\n\t\t\t\n\t\t\t\n<a href=\"https:\/\/peick.ro\/contact\/\" class=\"button primary\"  >\n    <span>KONTAKT AUFNEHMEN<\/span>\n  <\/a>\n\n\t\t<\/div>\n\t\t\t\t\n<style>\n#col-1819002662 > .col-inner {\n  padding: 30px 0px 0px 0px;\n}\n<\/style>\n\t<\/div>\n\n\t\n<\/div>\n\t\t<\/div>\n\t\t\t\t\n<style>\n#col-410777957 > .col-inner {\n  padding: 50px 20px 20px 20px;\n  margin: -80px 0px 0px 0px;\n}\n<\/style>\n\t<\/div>\n\n\t\n\n\t<div id=\"col-1961398223\" class=\"col medium-1 small-12 large-1\"  >\n\t\t\t\t<div class=\"col-inner\"  >\n\t\t\t\n\t\t\t\n\t\t<\/div>\n\t\t\t\t\t<\/div>\n\n\t\n<\/div>\n<div class=\"row\"  id=\"row-458542941\">\n\n\t<div id=\"col-1395156518\" class=\"col medium-6 small-12 large-6\"  >\n\t\t\t\t<div class=\"col-inner\"  >\n\t\t\t\n\t\t\t\n\t<div class=\"img has-hover x md-x lg-x y md-y lg-y\" id=\"image_157388073\">\n\t\t\t\t\t\t\t\t<div class=\"img-inner dark\" >\n\t\t\t<img loading=\"lazy\" decoding=\"async\" width=\"842\" height=\"587\" src=\"https:\/\/peick-automation.ro\/wp-content\/uploads\/2024\/01\/Pic-1-1.jpg\" class=\"attachment-original size-original\" alt=\"\" srcset=\"https:\/\/peick-automation.ro\/wp-content\/uploads\/2024\/01\/Pic-1-1.jpg 842w, https:\/\/peick-automation.ro\/wp-content\/uploads\/2024\/01\/Pic-1-1-300x209.jpg 300w, https:\/\/peick-automation.ro\/wp-content\/uploads\/2024\/01\/Pic-1-1-768x535.jpg 768w\" sizes=\"auto, (max-width: 842px) 100vw, 842px\" \/>\t\t\t\t\t\t\n\t\t\t\t\t<\/div>\n\t\t\t\t\t\t\t\t\n<style>\n#image_157388073 {\n  width: 100%;\n}\n<\/style>\n\t<\/div>\n\t\n\t\t<\/div>\n\t\t\t\t\t<\/div>\n\n\t\n\n\t<div id=\"col-483920799\" class=\"col medium-6 small-12 large-6\"  >\n\t\t\t\t<div class=\"col-inner\"  >\n\t\t\t\n\t\t\t\n\t<div class=\"img has-hover x md-x lg-x y md-y lg-y\" id=\"image_573694998\">\n\t\t\t\t\t\t\t\t<div class=\"img-inner dark\" >\n\t\t\t<img loading=\"lazy\" decoding=\"async\" width=\"842\" height=\"587\" src=\"https:\/\/peick-automation.ro\/wp-content\/uploads\/2024\/01\/Pic-2-1.jpg\" class=\"attachment-original size-original\" alt=\"\" srcset=\"https:\/\/peick-automation.ro\/wp-content\/uploads\/2024\/01\/Pic-2-1.jpg 842w, https:\/\/peick-automation.ro\/wp-content\/uploads\/2024\/01\/Pic-2-1-300x209.jpg 300w, https:\/\/peick-automation.ro\/wp-content\/uploads\/2024\/01\/Pic-2-1-768x535.jpg 768w\" sizes=\"auto, (max-width: 842px) 100vw, 842px\" \/>\t\t\t\t\t\t\n\t\t\t\t\t<\/div>\n\t\t\t\t\t\t\t\t\n<style>\n#image_573694998 {\n  width: 100%;\n}\n<\/style>\n\t<\/div>\n\t\n\t\t<\/div>\n\t\t\t\t\t<\/div>\n\n\t\n<\/div>\n<div class=\"row\"  id=\"row-1785817466\">\n\n\t<div id=\"col-2080574432\" class=\"col medium-6 small-12 large-6\"  >\n\t\t\t\t<div class=\"col-inner\"  >\n\t\t\t\n\t\t\t\n\t<div class=\"img has-hover x md-x lg-x y md-y lg-y\" id=\"image_345334770\">\n\t\t\t\t\t\t\t\t<div class=\"img-inner dark\" >\n\t\t\t<img loading=\"lazy\" decoding=\"async\" width=\"842\" height=\"587\" src=\"https:\/\/peick-automation.ro\/wp-content\/uploads\/2024\/01\/Pic-3.jpg\" class=\"attachment-original size-original\" alt=\"\" srcset=\"https:\/\/peick-automation.ro\/wp-content\/uploads\/2024\/01\/Pic-3.jpg 842w, https:\/\/peick-automation.ro\/wp-content\/uploads\/2024\/01\/Pic-3-300x209.jpg 300w, https:\/\/peick-automation.ro\/wp-content\/uploads\/2024\/01\/Pic-3-768x535.jpg 768w\" sizes=\"auto, (max-width: 842px) 100vw, 842px\" \/>\t\t\t\t\t\t\n\t\t\t\t\t<\/div>\n\t\t\t\t\t\t\t\t\n<style>\n#image_345334770 {\n  width: 100%;\n}\n<\/style>\n\t<\/div>\n\t\n\t\t<\/div>\n\t\t\t\t\t<\/div>\n\n\t\n\n\t<div id=\"col-1422691079\" class=\"col medium-6 small-12 large-6\"  >\n\t\t\t\t<div class=\"col-inner\"  >\n\t\t\t\n\t\t\t\n\t<div class=\"img has-hover x md-x lg-x y md-y lg-y\" id=\"image_676130845\">\n\t\t\t\t\t\t\t\t<div class=\"img-inner dark\" >\n\t\t\t<img loading=\"lazy\" decoding=\"async\" width=\"842\" height=\"587\" src=\"https:\/\/peick-automation.ro\/wp-content\/uploads\/2024\/01\/Pic-4.jpg\" class=\"attachment-original size-original\" alt=\"\" srcset=\"https:\/\/peick-automation.ro\/wp-content\/uploads\/2024\/01\/Pic-4.jpg 842w, https:\/\/peick-automation.ro\/wp-content\/uploads\/2024\/01\/Pic-4-300x209.jpg 300w, https:\/\/peick-automation.ro\/wp-content\/uploads\/2024\/01\/Pic-4-768x535.jpg 768w\" sizes=\"auto, (max-width: 842px) 100vw, 842px\" \/>\t\t\t\t\t\t\n\t\t\t\t\t<\/div>\n\t\t\t\t\t\t\t\t\n<style>\n#image_676130845 {\n  width: 100%;\n}\n<\/style>\n\t<\/div>\n\t\n\t\t<\/div>\n\t\t\t\t\t<\/div>\n\n\t\n<\/div>\n\t\t<\/div>\n\n\t\t\n<style>\n#section_747463053 {\n  padding-top: 30px;\n  padding-bottom: 30px;\n}\n<\/style>\n\t<\/section>\n\t\n\t<section class=\"section\" id=\"section_59778635\">\n\t\t<div class=\"bg section-bg fill bg-fill  bg-loaded\" >\n\n\t\t\t\n\t\t\t\n\t\t\t\n\n\t\t<\/div>\n\n\t\t\n\n\t\t<div class=\"section-content relative\">\n\t\t\t\n<div class=\"row\"  id=\"row-1892907514\">\n\n\t<div id=\"col-462114286\" class=\"col small-12 large-12\"  >\n\t\t\t\t<div class=\"col-inner\"  >\n\t\t\t\n\t\t\t\n<h2 style=\"font-weight:500;\">Effizienz und Flexibilit\u00e4t<\/h2>\n<p>In dieser Case-Studie steht die Automatisierung des Einsetzens und Herausnehmens von KLTs im Martix XY im Mittelpunkt. Dieser Vorgang spielt eine entscheidende Rolle in modernen Lager- und Logistiksystemen. <\/p>\n<p>\nUnsere Roboterl\u00f6sung erm\u00f6glicht eine reibungslose An- und Abf\u00f6rderung der KLTs mithilfe von Peick F\u00f6rdertechnik. Diese L\u00f6sung erreicht einen beeindruckenden Durchsatz von bis zu 250 Kisten pro Stunde und deckt die Reichweite von 2 Carouselports ab. <\/p>\n<p>Unsere Roboter bieten die Flexibilit\u00e4t, mehrere Ports gleichzeitig zu bedienen, was sich positiv auf die Effizienz von Martix XY-Systemen auswirkt. Diese Case-Studie gibt Einblicke in die M\u00f6glichkeiten der Lagerautomatisierung und wie sie den Anforderungen an modernes Lagermanagement gerecht werden kann.<\/p>\n<p>Erfahren Sie mehr \u00fcber diese innovative L\u00f6sung und ihre Potenziale f\u00fcr Ihre Lagerlogistik. <\/p>\n\t\t<\/div>\n\t\t\t\t\t<\/div>\n\n\t\n<\/div>\n\t\t<\/div>\n\n\t\t\n<style>\n#section_59778635 {\n  padding-top: 30px;\n  padding-bottom: 30px;\n}\n<\/style>\n\t<\/section>\n\t\n\t<section class=\"section\" id=\"section_2038553138\">\n\t\t<div class=\"bg section-bg fill bg-fill  \" >\n\n\t\t\t\n\t\t\t\n\t\t\t\n\n\t\t<\/div>\n\n\t\t\n\n\t\t<div class=\"section-content relative\">\n\t\t\t\n\n<div class=\"row\"  id=\"row-1802263519\">\n\n\n\t<div id=\"col-654206268\" class=\"col medium-4 small-12 large-4\"  >\n\t\t\t\t<div class=\"col-inner\"  >\n\t\t\t\n\t\t\t\n\n\t<div id=\"text-3439690213\" class=\"text\">\n\t\t\n\n<blockquote style=\"border-left-width: 4.6px;\">\n<h2 style=\"font-size: 99px;border-left-width: 4.6px;line-height: 1.1em;\"><span data-text-color=\"primary\">3<br><\/span><\/h2>\n<\/blockquote>\n\t\t\n<style>\n#text-3439690213 {\n  text-align: left;\n}\n<\/style>\n\t<\/div>\n\t\n<p><span data-text-color=\"primary\"><strong>Standorte<\/strong><\/span><\/p>\n\n\t\t<\/div>\n\t\t\t\t\t<\/div>\n\n\t\n\n\t<div id=\"col-1755934254\" class=\"col medium-4 small-12 large-4\"  >\n\t\t\t\t<div class=\"col-inner\"  >\n\t\t\t\n\t\t\t\n\n\t<div id=\"text-1530646690\" class=\"text\">\n\t\t\n\n<blockquote style=\"border-left-width: 4.6px;\">\n<h2 style=\"font-size: 99px;border-left-width: 4.6px;line-height: 1.1em;\"><span data-text-color=\"primary\">66<br><\/span><\/h2>\n<\/blockquote>\n\t\t\n<style>\n#text-1530646690 {\n  text-align: left;\n}\n<\/style>\n\t<\/div>\n\t\n<p><span data-text-color=\"primary\"><strong>Mitarbeiter<\/strong><\/span><\/p>\n\n\t\t<\/div>\n\t\t\t\t\t<\/div>\n\n\t\n\n\t<div id=\"col-996261937\" class=\"col medium-4 small-12 large-4\"  >\n\t\t\t\t<div class=\"col-inner\"  >\n\t\t\t\n\t\t\t\n\n\t<div id=\"text-2163435595\" class=\"text\">\n\t\t\n\n<blockquote style=\"border-left-width: 4.6px;\">\n<h2 style=\"font-size: 99px;border-left-width: 4.6px;line-height: 1.1em;\"><span data-text-color=\"primary\">2007<br><\/span><\/h2>\n<\/blockquote>\n\t\t\n<style>\n#text-2163435595 {\n  text-align: left;\n}\n<\/style>\n\t<\/div>\n\t\n\t<div id=\"text-687927555\" class=\"text\">\n\t\t\n\n<p><span data-text-color=\"primary\"><strong>Gegr\u00fcndet<\/strong><\/span><\/p>\n\t\t\n<style>\n#text-687927555 {\n  line-height: 1.35;\n}\n<\/style>\n\t<\/div>\n\t\n\n\t\t<\/div>\n\t\t\t\t\t<\/div>\n\n\t\n\n<\/div>\n\n\t\t<\/div>\n\n\t\t\n<style>\n#section_2038553138 {\n  padding-top: 100px;\n  padding-bottom: 100px;\n}\n#section_2038553138 .section-bg.bg-loaded {\n  background-image: url(https:\/\/peick-automation.ro\/wp-content\/uploads\/2023\/10\/worldmap.png);\n}\n<\/style>\n\t<\/section>\n\t\n","protected":false},"excerpt":{"rendered":"","protected":false},"author":1,"featured_media":0,"parent":1769,"menu_order":0,"comment_status":"closed","ping_status":"closed","template":"page-blank.php","meta":{"inline_featured_image":false,"footnotes":""},"class_list":["post-1813","page","type-page","status-publish","hentry"],"_links":{"self":[{"href":"https:\/\/peick-automation.ro\/de\/wp-json\/wp\/v2\/pages\/1813","targetHints":{"allow":["GET"]}}],"collection":[{"href":"https:\/\/peick-automation.ro\/de\/wp-json\/wp\/v2\/pages"}],"about":[{"href":"https:\/\/peick-automation.ro\/de\/wp-json\/wp\/v2\/types\/page"}],"author":[{"embeddable":true,"href":"https:\/\/peick-automation.ro\/de\/wp-json\/wp\/v2\/users\/1"}],"replies":[{"embeddable":true,"href":"https:\/\/peick-automation.ro\/de\/wp-json\/wp\/v2\/comments?post=1813"}],"version-history":[{"count":3,"href":"https:\/\/peick-automation.ro\/de\/wp-json\/wp\/v2\/pages\/1813\/revisions"}],"predecessor-version":[{"id":1816,"href":"https:\/\/peick-automation.ro\/de\/wp-json\/wp\/v2\/pages\/1813\/revisions\/1816"}],"up":[{"embeddable":true,"href":"https:\/\/peick-automation.ro\/de\/wp-json\/wp\/v2\/pages\/1769"}],"wp:attachment":[{"href":"https:\/\/peick-automation.ro\/de\/wp-json\/wp\/v2\/media?parent=1813"}],"curies":[{"name":"wp","href":"https:\/\/api.w.org\/{rel}","templated":true}]}}