{"id":1821,"date":"2024-01-24T09:40:37","date_gmt":"2024-01-24T09:40:37","guid":{"rendered":"https:\/\/dev.peick.ro\/project\/bin-picking-polybags\/"},"modified":"2024-01-24T11:39:22","modified_gmt":"2024-01-24T11:39:22","slug":"bin-picking-polybags","status":"publish","type":"page","link":"https:\/\/peick-automation.ro\/de\/project\/bin-picking-polybags\/","title":{"rendered":"Bin Picking Polybags"},"content":{"rendered":"\t<section class=\"section dark\" id=\"section_1902070781\">\n\t\t<div class=\"bg section-bg fill bg-fill  bg-loaded\" >\n\n\t\t\t\n\t\t\t\n\t\t\t\n\n\t\t<\/div>\n\n\t\t\n\n\t\t<div class=\"section-content relative\">\n\t\t\t\n<div class=\"row align-center\"  id=\"row-1139991655\">\n\n\t<div id=\"col-1593825702\" class=\"col medium-10 small-12 large-12\"  >\n\t\t\t\t<div class=\"col-inner text-center\"  >\n\t\t\t\n\t\t\t\n\t<div id=\"text-2898219714\" class=\"text blockquote-h1\">\n\t\t\n<blockquote style=\"border-left-color:white !important;\">\n<h1 style=\"text-align: left;\"><span data-text-color=\"white\">Bin Picking Polybags<\/span><\/h1>\n<\/blockquote>\n\t\t\t<\/div>\n\t\n\t\t<\/div>\n\t\t\t\t\t<\/div>\n\n\t\n<\/div>\n\t\t<\/div>\n\n\t\t\n<style>\n#section_1902070781 {\n  padding-top: 30px;\n  padding-bottom: 30px;\n  min-height: 280px;\n  background-color: #a42237;\n}\n<\/style>\n\t<\/section>\n\t\n\t<section class=\"section\" id=\"section_864270181\">\n\t\t<div class=\"bg section-bg fill bg-fill  bg-loaded\" >\n\n\t\t\t\n\t\t\t\n\t\t\t\n\n\t\t<\/div>\n\n\t\t\n\n\t\t<div class=\"section-content relative\">\n\t\t\t\n<div class=\"row\" style=\"max-width:1400px\" id=\"row-1769342972\">\n\n\t<div id=\"col-1342571071\" class=\"col medium-1 small-12 large-1\"  >\n\t\t\t\t<div class=\"col-inner\"  >\n\t\t\t\n\t\t\t\n\t\t<\/div>\n\t\t\t\t\t<\/div>\n\n\t\n\n\t<div id=\"col-750831864\" class=\"col medium-7 small-12 large-7\"  >\n\t\t\t\t<div class=\"col-inner text-center box-shadow-3\" style=\"background-color:rgb(255, 255, 255);\" >\n\t\t\t\n\t\t\t\n\t<div class=\"img has-hover x md-x lg-x y md-y lg-y\" id=\"image_1876443111\">\n\t\t\t\t\t\t\t\t<div class=\"img-inner dark\" >\n\t\t\t<img loading=\"lazy\" decoding=\"async\" width=\"842\" height=\"587\" src=\"https:\/\/peick-automation.ro\/wp-content\/uploads\/2024\/01\/Bin-Picking-1.jpg\" class=\"attachment-original size-original\" alt=\"\" srcset=\"https:\/\/peick-automation.ro\/wp-content\/uploads\/2024\/01\/Bin-Picking-1.jpg 842w, https:\/\/peick-automation.ro\/wp-content\/uploads\/2024\/01\/Bin-Picking-1-300x209.jpg 300w, https:\/\/peick-automation.ro\/wp-content\/uploads\/2024\/01\/Bin-Picking-1-768x535.jpg 768w\" sizes=\"auto, (max-width: 842px) 100vw, 842px\" \/>\t\t\t\t\t\t\n\t\t\t\t\t<\/div>\n\t\t\t\t\t\t\t\t\n<style>\n#image_1876443111 {\n  width: 100%;\n}\n<\/style>\n\t<\/div>\n\t\n\t\t<\/div>\n\t\t\t\t\n<style>\n#col-750831864 > .col-inner {\n  margin: -80px 0px 0px 0px;\n}\n<\/style>\n\t<\/div>\n\n\t\n\n\t<div id=\"col-159789400\" class=\"col medium-3 small-12 large-3\"  >\n\t\t\t\t<div class=\"col-inner text-center box-shadow-3\" style=\"background-color:rgb(255,255,255);\" >\n\t\t\t\n\t\t\t\n<div class=\"row row-collapse\"  id=\"row-1015807004\">\n\n\t<div id=\"col-686175252\" class=\"col small-12 large-12\"  >\n\t\t\t\t<div class=\"col-inner text-left\"  >\n\t\t\t\n\t\t\t\n<h2><span style=\"color: black;\">FOKUS<\/span> <\/h2>\n\n\t\t<div class=\"icon-box featured-box icon-box-left text-left\"  >\n\t\t\t\t\t<div class=\"icon-box-img\" style=\"width: 25px\">\n\t\t\t\t<div class=\"icon\">\n\t\t\t\t\t<div class=\"icon-inner\" style=\"color:rgb(164, 34, 55);\">\n\t\t\t\t\t\t<?xml version=\"1.0\" encoding=\"UTF-8\" standalone=\"no\"?>\n<svg xmlns=\"http:\/\/www.w3.org\/2000\/svg\" version=\"1.0\" width=\"166.000000pt\" height=\"165.000000pt\" viewBox=\"0 0 166.000000 165.000000\" preserveAspectRatio=\"xMidYMid meet\">\n  <g transform=\"translate(0.000000,165.000000) scale(0.100000,-0.100000)\" fill=\"#000000\" stroke=\"none\">\n    <path d=\"M715 1503 c-131 -18 -273 -87 -377 -182 -100 -92 -176 -224 -209 -361 -16 -71 -16 -230 1 -299 92 -380 451 -612 828 -535 148 30 305 126 397 242 57 71 120 197 141 282 25 101 15 292 -20 388 -42 113 -92 190 -176 272 -154 151 -371 223 -585 193z m220 -118 c215 -45 394 -216 450 -430 19 -75 19 -214 0 -288 -79 -303 -385 -497 -684 -433 -284 60 -472 290 -472 576 0 376 339 652 706 575z\"><\/path>\n    <path d=\"M703 1142 c-85 -31 -156 -92 -201 -177 -24 -45 -27 -60 -27 -155 0 -98 2 -109 30 -158 39 -72 122 -146 187 -168 68 -24 176 -23 246 0 65 22 147 95 187 168 28 49 30 60 30 158 0 121 -14 158 -92 241 -90 96 -240 134 -360 91z\"><\/path>\n  <\/g>\n<\/svg>\n\t\t\t\t\t<\/div>\n\t\t\t\t<\/div>\n\t\t\t<\/div>\n\t\t\t\t<div class=\"icon-box-text last-reset\">\n\t\t\t\t\t\t\t\t\t\n\t<div id=\"text-1396966984\" class=\"text\">\n\t\t\n<p style=\"margin-bottom:5px\"><strong>Automatisiertes Picking<\/strong><\/p>\n<p>von Polybags und Gegenst\u00e4nden<\/p>\n\t\t\n<style>\n#text-1396966984 {\n  text-align: left;\n  color: rgb(0, 0, 0);\n}\n#text-1396966984 > * {\n  color: rgb(0, 0, 0);\n}\n<\/style>\n\t<\/div>\n\t\n\t\t<\/div>\n\t<\/div>\n\t\n\t\n\n\t\t<div class=\"icon-box featured-box icon-box-left text-left\"  >\n\t\t\t\t\t<div class=\"icon-box-img\" style=\"width: 25px\">\n\t\t\t\t<div class=\"icon\">\n\t\t\t\t\t<div class=\"icon-inner\" style=\"color:rgb(164, 34, 55);\">\n\t\t\t\t\t\t<?xml version=\"1.0\" encoding=\"UTF-8\" standalone=\"no\"?>\n<svg xmlns=\"http:\/\/www.w3.org\/2000\/svg\" version=\"1.0\" width=\"166.000000pt\" height=\"165.000000pt\" viewBox=\"0 0 166.000000 165.000000\" preserveAspectRatio=\"xMidYMid meet\">\n  <g transform=\"translate(0.000000,165.000000) scale(0.100000,-0.100000)\" fill=\"#000000\" stroke=\"none\">\n    <path d=\"M715 1503 c-131 -18 -273 -87 -377 -182 -100 -92 -176 -224 -209 -361 -16 -71 -16 -230 1 -299 92 -380 451 -612 828 -535 148 30 305 126 397 242 57 71 120 197 141 282 25 101 15 292 -20 388 -42 113 -92 190 -176 272 -154 151 -371 223 -585 193z m220 -118 c215 -45 394 -216 450 -430 19 -75 19 -214 0 -288 -79 -303 -385 -497 -684 -433 -284 60 -472 290 -472 576 0 376 339 652 706 575z\"><\/path>\n    <path d=\"M703 1142 c-85 -31 -156 -92 -201 -177 -24 -45 -27 -60 -27 -155 0 -98 2 -109 30 -158 39 -72 122 -146 187 -168 68 -24 176 -23 246 0 65 22 147 95 187 168 28 49 30 60 30 158 0 121 -14 158 -92 241 -90 96 -240 134 -360 91z\"><\/path>\n  <\/g>\n<\/svg>\n\t\t\t\t\t<\/div>\n\t\t\t\t<\/div>\n\t\t\t<\/div>\n\t\t\t\t<div class=\"icon-box-text last-reset\">\n\t\t\t\t\t\t\t\t\t\n\t<div id=\"text-609834795\" class=\"text\">\n\t\t\n<p style=\"margin-bottom:5px\"><strong>Automatisiertes Platzieren<\/strong><\/p>\n<p>in ein Martix XY System<\/p>\n\t\t\n<style>\n#text-609834795 {\n  text-align: left;\n  color: rgb(0, 0, 0);\n}\n#text-609834795 > * {\n  color: rgb(0, 0, 0);\n}\n<\/style>\n\t<\/div>\n\t\n\t\t<\/div>\n\t<\/div>\n\t\n\t\n\t\t<\/div>\n\t\t\t\t\t<\/div>\n\n\t\n\n\t<div id=\"col-1412788573\" class=\"col small-12 large-12\"  >\n\t\t\t\t<div class=\"col-inner\"  >\n\t\t\t\n\t\t\t\n<a href=\"https:\/\/peick.ro\/contact\/\" class=\"button primary\"  >\n    <span>KONTAKT AUFNEHMEN<\/span>\n  <\/a>\n\n\t\t<\/div>\n\t\t\t\t\n<style>\n#col-1412788573 > .col-inner {\n  padding: 30px 0px 0px 0px;\n}\n<\/style>\n\t<\/div>\n\n\t\n<\/div>\n\t\t<\/div>\n\t\t\t\t\n<style>\n#col-159789400 > .col-inner {\n  padding: 50px 20px 20px 20px;\n  margin: -80px 0px 0px 0px;\n}\n<\/style>\n\t<\/div>\n\n\t\n\n\t<div id=\"col-1431223838\" class=\"col medium-1 small-12 large-1\"  >\n\t\t\t\t<div class=\"col-inner\"  >\n\t\t\t\n\t\t\t\n\t\t<\/div>\n\t\t\t\t\t<\/div>\n\n\t\n<\/div>\n<div class=\"row\"  id=\"row-1776212825\">\n\n\t<div id=\"col-796204315\" class=\"col small-12 large-12\"  >\n\t\t\t\t<div class=\"col-inner\"  >\n\t\t\t\n\t\t\t\n<h2>Lagerautomation mit Hubfederbodentrolleys<\/h2>\n<p>\nIn dieser Case-Studie liegt der Fokus auf dem automatischen Picken von Gegenst\u00e4nden oder Polybags und deren Platzierung in einem Martix XY-System. Diese Aufgaben sind entscheidend f\u00fcr die Effizienz moderner Lager- und Logistiksysteme.<\/p>\n<p>\nUnsere L\u00f6sung erm\u00f6glicht das nahtlose Aufnehmen und Ablegen von Gegenst\u00e4nden oder Polybags und integriert dabei den Warentransport mittels Hubfederbodentrolleys. Diese Kombination gew\u00e4hrleistet einen beeindruckenden Durchsatz von bis zu 700 Picks pro Stunde. Zudem ist die zu- und abf\u00f6rderung der Hubfelderbodentrolleys problemlos integrierbar.<\/p>\n<p>\nUnser Roboter arbeitet gezielt an einem Martix XY-System, um die Waren effizient zu handhaben. Diese Case-Studie bietet Einblicke in die M\u00f6glichkeiten der Automatisierung im Lagerbereich und zeigt, wie sie die Leistungsf\u00e4higkeit und Produktivit\u00e4t von Lagerh\u00e4usern steigern kann.<\/p>\n\t\t<\/div>\n\t\t\t\t\t<\/div>\n\n\t\n\n<style>\n#row-1776212825 > .col > .col-inner {\n  padding: 40px 0px 0px 0px;\n}\n<\/style>\n<\/div>\n<div class=\"row\"  id=\"row-1874101775\">\n\n\t<div id=\"col-733309086\" class=\"col medium-6 small-12 large-6\"  >\n\t\t\t\t<div class=\"col-inner\"  >\n\t\t\t\n\t\t\t\n\t<div class=\"img has-hover x md-x lg-x y md-y lg-y\" id=\"image_2103459895\">\n\t\t\t\t\t\t\t\t<div class=\"img-inner dark\" >\n\t\t\t<img loading=\"lazy\" decoding=\"async\" width=\"842\" height=\"587\" src=\"https:\/\/peick-automation.ro\/wp-content\/uploads\/2024\/01\/Bin-Picking-2.jpg\" class=\"attachment-original size-original\" alt=\"\" srcset=\"https:\/\/peick-automation.ro\/wp-content\/uploads\/2024\/01\/Bin-Picking-2.jpg 842w, https:\/\/peick-automation.ro\/wp-content\/uploads\/2024\/01\/Bin-Picking-2-300x209.jpg 300w, https:\/\/peick-automation.ro\/wp-content\/uploads\/2024\/01\/Bin-Picking-2-768x535.jpg 768w\" sizes=\"auto, (max-width: 842px) 100vw, 842px\" \/>\t\t\t\t\t\t\n\t\t\t\t\t<\/div>\n\t\t\t\t\t\t\t\t\n<style>\n#image_2103459895 {\n  width: 100%;\n}\n<\/style>\n\t<\/div>\n\t\n\t\t<\/div>\n\t\t\t\t\t<\/div>\n\n\t\n\n\t<div id=\"col-1691817543\" class=\"col medium-6 small-12 large-6\"  >\n\t\t\t\t<div class=\"col-inner\"  >\n\t\t\t\n\t\t\t\n\t<div class=\"img has-hover x md-x lg-x y md-y lg-y\" id=\"image_1609955620\">\n\t\t\t\t\t\t\t\t<div class=\"img-inner dark\" >\n\t\t\t<img loading=\"lazy\" decoding=\"async\" width=\"842\" height=\"587\" src=\"https:\/\/peick-automation.ro\/wp-content\/uploads\/2024\/01\/Bin-Picking-3.jpg\" class=\"attachment-original size-original\" alt=\"\" srcset=\"https:\/\/peick-automation.ro\/wp-content\/uploads\/2024\/01\/Bin-Picking-3.jpg 842w, https:\/\/peick-automation.ro\/wp-content\/uploads\/2024\/01\/Bin-Picking-3-300x209.jpg 300w, https:\/\/peick-automation.ro\/wp-content\/uploads\/2024\/01\/Bin-Picking-3-768x535.jpg 768w\" sizes=\"auto, (max-width: 842px) 100vw, 842px\" \/>\t\t\t\t\t\t\n\t\t\t\t\t<\/div>\n\t\t\t\t\t\t\t\t\n<style>\n#image_1609955620 {\n  width: 100%;\n}\n<\/style>\n\t<\/div>\n\t\n\t\t<\/div>\n\t\t\t\t\t<\/div>\n\n\t\n<\/div>\n\t\t<\/div>\n\n\t\t\n<style>\n#section_864270181 {\n  padding-top: 30px;\n  padding-bottom: 30px;\n}\n<\/style>\n\t<\/section>\n\t\n\t<section class=\"section\" id=\"section_378662544\">\n\t\t<div class=\"bg section-bg fill bg-fill  \" >\n\n\t\t\t\n\t\t\t\n\t\t\t\n\n\t\t<\/div>\n\n\t\t\n\n\t\t<div class=\"section-content relative\">\n\t\t\t\n\n<div class=\"row\"  id=\"row-317740152\">\n\n\n\t<div id=\"col-1511819717\" class=\"col medium-4 small-12 large-4\"  >\n\t\t\t\t<div class=\"col-inner\"  >\n\t\t\t\n\t\t\t\n\n\t<div id=\"text-1276697667\" class=\"text\">\n\t\t\n\n<blockquote style=\"border-left-width: 4.6px;\">\n<h2 style=\"font-size: 99px;border-left-width: 4.6px;line-height: 1.1em;\"><span data-text-color=\"primary\">3<br><\/span><\/h2>\n<\/blockquote>\n\t\t\n<style>\n#text-1276697667 {\n  text-align: left;\n}\n<\/style>\n\t<\/div>\n\t\n<p><span data-text-color=\"primary\"><strong>Standorte<\/strong><\/span><\/p>\n\n\t\t<\/div>\n\t\t\t\t\t<\/div>\n\n\t\n\n\t<div id=\"col-377641479\" class=\"col medium-4 small-12 large-4\"  >\n\t\t\t\t<div class=\"col-inner\"  >\n\t\t\t\n\t\t\t\n\n\t<div id=\"text-136829853\" class=\"text\">\n\t\t\n\n<blockquote style=\"border-left-width: 4.6px;\">\n<h2 style=\"font-size: 99px;border-left-width: 4.6px;line-height: 1.1em;\"><span data-text-color=\"primary\">66<br><\/span><\/h2>\n<\/blockquote>\n\t\t\n<style>\n#text-136829853 {\n  text-align: left;\n}\n<\/style>\n\t<\/div>\n\t\n<p><span data-text-color=\"primary\"><strong>Mitarbeiter<\/strong><\/span><\/p>\n\n\t\t<\/div>\n\t\t\t\t\t<\/div>\n\n\t\n\n\t<div id=\"col-1541288128\" class=\"col medium-4 small-12 large-4\"  >\n\t\t\t\t<div class=\"col-inner\"  >\n\t\t\t\n\t\t\t\n\n\t<div id=\"text-4252845282\" class=\"text\">\n\t\t\n\n<blockquote style=\"border-left-width: 4.6px;\">\n<h2 style=\"font-size: 99px;border-left-width: 4.6px;line-height: 1.1em;\"><span data-text-color=\"primary\">2007<br><\/span><\/h2>\n<\/blockquote>\n\t\t\n<style>\n#text-4252845282 {\n  text-align: left;\n}\n<\/style>\n\t<\/div>\n\t\n\t<div id=\"text-2747238217\" class=\"text\">\n\t\t\n\n<p><span data-text-color=\"primary\"><strong>Gegr\u00fcndet<\/strong><\/span><\/p>\n\t\t\n<style>\n#text-2747238217 {\n  line-height: 1.35;\n}\n<\/style>\n\t<\/div>\n\t\n\n\t\t<\/div>\n\t\t\t\t\t<\/div>\n\n\t\n\n<\/div>\n\n\t\t<\/div>\n\n\t\t\n<style>\n#section_378662544 {\n  padding-top: 100px;\n  padding-bottom: 100px;\n}\n#section_378662544 .section-bg.bg-loaded {\n  background-image: url(https:\/\/peick-automation.ro\/wp-content\/uploads\/2023\/10\/worldmap.png);\n}\n<\/style>\n\t<\/section>\n\t\n","protected":false},"excerpt":{"rendered":"","protected":false},"author":1,"featured_media":0,"parent":1769,"menu_order":0,"comment_status":"closed","ping_status":"closed","template":"page-blank.php","meta":{"inline_featured_image":false,"footnotes":""},"class_list":["post-1821","page","type-page","status-publish","hentry"],"_links":{"self":[{"href":"https:\/\/peick-automation.ro\/de\/wp-json\/wp\/v2\/pages\/1821","targetHints":{"allow":["GET"]}}],"collection":[{"href":"https:\/\/peick-automation.ro\/de\/wp-json\/wp\/v2\/pages"}],"about":[{"href":"https:\/\/peick-automation.ro\/de\/wp-json\/wp\/v2\/types\/page"}],"author":[{"embeddable":true,"href":"https:\/\/peick-automation.ro\/de\/wp-json\/wp\/v2\/users\/1"}],"replies":[{"embeddable":true,"href":"https:\/\/peick-automation.ro\/de\/wp-json\/wp\/v2\/comments?post=1821"}],"version-history":[{"count":3,"href":"https:\/\/peick-automation.ro\/de\/wp-json\/wp\/v2\/pages\/1821\/revisions"}],"predecessor-version":[{"id":1824,"href":"https:\/\/peick-automation.ro\/de\/wp-json\/wp\/v2\/pages\/1821\/revisions\/1824"}],"up":[{"embeddable":true,"href":"https:\/\/peick-automation.ro\/de\/wp-json\/wp\/v2\/pages\/1769"}],"wp:attachment":[{"href":"https:\/\/peick-automation.ro\/de\/wp-json\/wp\/v2\/media?parent=1821"}],"curies":[{"name":"wp","href":"https:\/\/api.w.org\/{rel}","templated":true}]}}