{"id":1829,"date":"2024-01-24T09:39:13","date_gmt":"2024-01-24T09:39:13","guid":{"rendered":"https:\/\/dev.peick.ro\/project\/palettierung-von-leeren-klts\/"},"modified":"2024-01-24T11:45:50","modified_gmt":"2024-01-24T11:45:50","slug":"palettierung-von-leeren-klts","status":"publish","type":"page","link":"https:\/\/peick-automation.ro\/de\/project\/palettierung-von-leeren-klts\/","title":{"rendered":"Palettierung von leeren KLTs"},"content":{"rendered":"\t<section class=\"section dark\" id=\"section_1723657436\">\n\t\t<div class=\"bg section-bg fill bg-fill  bg-loaded\" >\n\n\t\t\t\n\t\t\t\n\t\t\t\n\n\t\t<\/div>\n\n\t\t\n\n\t\t<div class=\"section-content relative\">\n\t\t\t\n<div class=\"row align-center\"  id=\"row-1689711883\">\n\n\t<div id=\"col-1928173107\" class=\"col medium-10 small-12 large-12\"  >\n\t\t\t\t<div class=\"col-inner text-center\"  >\n\t\t\t\n\t\t\t\n\t<div id=\"text-570011373\" class=\"text blockquote-h1\">\n\t\t\n<blockquote style=\"border-left-color:white !important;\">\n<h1 style=\"text-align: left;\"><span data-text-color=\"white\">Palettierung von leeren KLTs nach Einlagerungsprozess in einem ET-Lager<\/span><\/h1>\n<\/blockquote>\n\t\t\t<\/div>\n\t\n\t\t<\/div>\n\t\t\t\t\t<\/div>\n\n\t\n<\/div>\n\t\t<\/div>\n\n\t\t\n<style>\n#section_1723657436 {\n  padding-top: 30px;\n  padding-bottom: 30px;\n  min-height: 280px;\n  background-color: #a42237;\n}\n<\/style>\n\t<\/section>\n\t\n\t<section class=\"section\" id=\"section_1713468318\">\n\t\t<div class=\"bg section-bg fill bg-fill  bg-loaded\" >\n\n\t\t\t\n\t\t\t\n\t\t\t\n\n\t\t<\/div>\n\n\t\t\n\n\t\t<div class=\"section-content relative\">\n\t\t\t\n<div class=\"row\" style=\"max-width:1400px\" id=\"row-1920016148\">\n\n\t<div id=\"col-1034285872\" class=\"col medium-1 small-12 large-1\"  >\n\t\t\t\t<div class=\"col-inner\"  >\n\t\t\t\n\t\t\t\n\t\t<\/div>\n\t\t\t\t\t<\/div>\n\n\t\n\n\t<div id=\"col-1333948655\" class=\"col medium-7 small-12 large-7\"  >\n\t\t\t\t<div class=\"col-inner text-center box-shadow-3\" style=\"background-color:rgb(255, 255, 255);\" >\n\t\t\t\n\t\t\t\n\t<div class=\"img has-hover x md-x lg-x y md-y lg-y\" id=\"image_1986906633\">\n\t\t\t\t\t\t\t\t<div class=\"img-inner dark\" >\n\t\t\t<img loading=\"lazy\" decoding=\"async\" width=\"842\" height=\"587\" src=\"https:\/\/peick-automation.ro\/wp-content\/uploads\/2024\/01\/Pic-3-1-1.jpg\" class=\"attachment-original size-original\" alt=\"\" srcset=\"https:\/\/peick-automation.ro\/wp-content\/uploads\/2024\/01\/Pic-3-1-1.jpg 842w, https:\/\/peick-automation.ro\/wp-content\/uploads\/2024\/01\/Pic-3-1-1-300x209.jpg 300w, https:\/\/peick-automation.ro\/wp-content\/uploads\/2024\/01\/Pic-3-1-1-768x535.jpg 768w\" sizes=\"auto, (max-width: 842px) 100vw, 842px\" \/>\t\t\t\t\t\t\n\t\t\t\t\t<\/div>\n\t\t\t\t\t\t\t\t\n<style>\n#image_1986906633 {\n  width: 100%;\n}\n<\/style>\n\t<\/div>\n\t\n\t\t<\/div>\n\t\t\t\t\n<style>\n#col-1333948655 > .col-inner {\n  margin: -80px 0px 0px 0px;\n}\n<\/style>\n\t<\/div>\n\n\t\n\n\t<div id=\"col-698041253\" class=\"col medium-3 small-12 large-3\"  >\n\t\t\t\t<div class=\"col-inner text-center box-shadow-3\" style=\"background-color:rgb(255,255,255);\" >\n\t\t\t\n\t\t\t\n<div class=\"row row-collapse\"  id=\"row-1971688592\">\n\n\t<div id=\"col-1253012484\" class=\"col small-12 large-12\"  >\n\t\t\t\t<div class=\"col-inner text-left\"  >\n\t\t\t\n\t\t\t\n<h2><span style=\"color: black;\">FOKUS<\/span> <\/h2>\n\n\t\t<div class=\"icon-box featured-box icon-box-left text-left\"  >\n\t\t\t\t\t<div class=\"icon-box-img\" style=\"width: 25px\">\n\t\t\t\t<div class=\"icon\">\n\t\t\t\t\t<div class=\"icon-inner\" style=\"color:rgb(164, 34, 55);\">\n\t\t\t\t\t\t<?xml version=\"1.0\" encoding=\"UTF-8\" standalone=\"no\"?>\n<svg xmlns=\"http:\/\/www.w3.org\/2000\/svg\" version=\"1.0\" width=\"166.000000pt\" height=\"165.000000pt\" viewBox=\"0 0 166.000000 165.000000\" preserveAspectRatio=\"xMidYMid meet\">\n  <g transform=\"translate(0.000000,165.000000) scale(0.100000,-0.100000)\" fill=\"#000000\" stroke=\"none\">\n    <path d=\"M715 1503 c-131 -18 -273 -87 -377 -182 -100 -92 -176 -224 -209 -361 -16 -71 -16 -230 1 -299 92 -380 451 -612 828 -535 148 30 305 126 397 242 57 71 120 197 141 282 25 101 15 292 -20 388 -42 113 -92 190 -176 272 -154 151 -371 223 -585 193z m220 -118 c215 -45 394 -216 450 -430 19 -75 19 -214 0 -288 -79 -303 -385 -497 -684 -433 -284 60 -472 290 -472 576 0 376 339 652 706 575z\"><\/path>\n    <path d=\"M703 1142 c-85 -31 -156 -92 -201 -177 -24 -45 -27 -60 -27 -155 0 -98 2 -109 30 -158 39 -72 122 -146 187 -168 68 -24 176 -23 246 0 65 22 147 95 187 168 28 49 30 60 30 158 0 121 -14 158 -92 241 -90 96 -240 134 -360 91z\"><\/path>\n  <\/g>\n<\/svg>\n\t\t\t\t\t<\/div>\n\t\t\t\t<\/div>\n\t\t\t<\/div>\n\t\t\t\t<div class=\"icon-box-text last-reset\">\n\t\t\t\t\t\t\t\t\t\n\t<div id=\"text-814495414\" class=\"text\">\n\t\t\n<p style=\"margin-bottom:5px\"><strong>Palettierung<\/strong><\/p>\n<p>von leeren KLTs nach dem Einlagerungsprozess<\/p>\n\t\t\n<style>\n#text-814495414 {\n  text-align: left;\n  color: rgb(0, 0, 0);\n}\n#text-814495414 > * {\n  color: rgb(0, 0, 0);\n}\n<\/style>\n\t<\/div>\n\t\n\t\t<\/div>\n\t<\/div>\n\t\n\t\n\n\t\t<div class=\"icon-box featured-box icon-box-left text-left\"  >\n\t\t\t\t\t<div class=\"icon-box-img\" style=\"width: 25px\">\n\t\t\t\t<div class=\"icon\">\n\t\t\t\t\t<div class=\"icon-inner\" style=\"color:rgb(164, 34, 55);\">\n\t\t\t\t\t\t<?xml version=\"1.0\" encoding=\"UTF-8\" standalone=\"no\"?>\n<svg xmlns=\"http:\/\/www.w3.org\/2000\/svg\" version=\"1.0\" width=\"166.000000pt\" height=\"165.000000pt\" viewBox=\"0 0 166.000000 165.000000\" preserveAspectRatio=\"xMidYMid meet\">\n  <g transform=\"translate(0.000000,165.000000) scale(0.100000,-0.100000)\" fill=\"#000000\" stroke=\"none\">\n    <path d=\"M715 1503 c-131 -18 -273 -87 -377 -182 -100 -92 -176 -224 -209 -361 -16 -71 -16 -230 1 -299 92 -380 451 -612 828 -535 148 30 305 126 397 242 57 71 120 197 141 282 25 101 15 292 -20 388 -42 113 -92 190 -176 272 -154 151 -371 223 -585 193z m220 -118 c215 -45 394 -216 450 -430 19 -75 19 -214 0 -288 -79 -303 -385 -497 -684 -433 -284 60 -472 290 -472 576 0 376 339 652 706 575z\"><\/path>\n    <path d=\"M703 1142 c-85 -31 -156 -92 -201 -177 -24 -45 -27 -60 -27 -155 0 -98 2 -109 30 -158 39 -72 122 -146 187 -168 68 -24 176 -23 246 0 65 22 147 95 187 168 28 49 30 60 30 158 0 121 -14 158 -92 241 -90 96 -240 134 -360 91z\"><\/path>\n  <\/g>\n<\/svg>\n\t\t\t\t\t<\/div>\n\t\t\t\t<\/div>\n\t\t\t<\/div>\n\t\t\t\t<div class=\"icon-box-text last-reset\">\n\t\t\t\t\t\t\t\t\t\n\t<div id=\"text-955258102\" class=\"text\">\n\t\t\n<p style=\"margin-bottom:5px\"><strong>Pr\u00e4zise Palletierung<\/strong><\/p>\n<p>durch Roboter<\/p>\n\t\t\n<style>\n#text-955258102 {\n  text-align: left;\n  color: rgb(0, 0, 0);\n}\n#text-955258102 > * {\n  color: rgb(0, 0, 0);\n}\n<\/style>\n\t<\/div>\n\t\n\t\t<\/div>\n\t<\/div>\n\t\n\t\n\t\t<\/div>\n\t\t\t\t\t<\/div>\n\n\t\n\n\t<div id=\"col-2104687909\" class=\"col small-12 large-12\"  >\n\t\t\t\t<div class=\"col-inner\"  >\n\t\t\t\n\t\t\t\n<a href=\"https:\/\/peick.ro\/contact\/\" class=\"button primary\"  >\n    <span>KONTAKT AUFNEHMEN<\/span>\n  <\/a>\n\n\t\t<\/div>\n\t\t\t\t\n<style>\n#col-2104687909 > .col-inner {\n  padding: 30px 0px 0px 0px;\n}\n<\/style>\n\t<\/div>\n\n\t\n<\/div>\n\t\t<\/div>\n\t\t\t\t\n<style>\n#col-698041253 > .col-inner {\n  padding: 50px 20px 20px 20px;\n  margin: -80px 0px 0px 0px;\n}\n<\/style>\n\t<\/div>\n\n\t\n\n\t<div id=\"col-679317942\" class=\"col medium-1 small-12 large-1\"  >\n\t\t\t\t<div class=\"col-inner\"  >\n\t\t\t\n\t\t\t\n\t\t<\/div>\n\t\t\t\t\t<\/div>\n\n\t\n<\/div>\n<div class=\"row\"  id=\"row-744446764\">\n\n\t<div id=\"col-1352834770\" class=\"col medium-6 small-12 large-6\"  >\n\t\t\t\t<div class=\"col-inner\"  >\n\t\t\t\n\t\t\t\n\t<div class=\"img has-hover x md-x lg-x y md-y lg-y\" id=\"image_1489736957\">\n\t\t\t\t\t\t\t\t<div class=\"img-inner dark\" >\n\t\t\t<img loading=\"lazy\" decoding=\"async\" width=\"842\" height=\"587\" src=\"https:\/\/peick-automation.ro\/wp-content\/uploads\/2024\/01\/Pic-2-1-1.jpg\" class=\"attachment-original size-original\" alt=\"\" srcset=\"https:\/\/peick-automation.ro\/wp-content\/uploads\/2024\/01\/Pic-2-1-1.jpg 842w, https:\/\/peick-automation.ro\/wp-content\/uploads\/2024\/01\/Pic-2-1-1-300x209.jpg 300w, https:\/\/peick-automation.ro\/wp-content\/uploads\/2024\/01\/Pic-2-1-1-768x535.jpg 768w\" sizes=\"auto, (max-width: 842px) 100vw, 842px\" \/>\t\t\t\t\t\t\n\t\t\t\t\t<\/div>\n\t\t\t\t\t\t\t\t\n<style>\n#image_1489736957 {\n  width: 100%;\n}\n<\/style>\n\t<\/div>\n\t\n\t\t<\/div>\n\t\t\t\t\t<\/div>\n\n\t\n\n\t<div id=\"col-1607651076\" class=\"col medium-6 small-12 large-6\"  >\n\t\t\t\t<div class=\"col-inner\"  >\n\t\t\t\n\t\t\t\n\t<div class=\"img has-hover x md-x lg-x y md-y lg-y\" id=\"image_1236257250\">\n\t\t\t\t\t\t\t\t<div class=\"img-inner dark\" >\n\t\t\t<img loading=\"lazy\" decoding=\"async\" width=\"842\" height=\"587\" src=\"https:\/\/peick-automation.ro\/wp-content\/uploads\/2024\/01\/Pic-1-1-1.jpg\" class=\"attachment-original size-original\" alt=\"\" srcset=\"https:\/\/peick-automation.ro\/wp-content\/uploads\/2024\/01\/Pic-1-1-1.jpg 842w, https:\/\/peick-automation.ro\/wp-content\/uploads\/2024\/01\/Pic-1-1-1-300x209.jpg 300w, https:\/\/peick-automation.ro\/wp-content\/uploads\/2024\/01\/Pic-1-1-1-768x535.jpg 768w\" sizes=\"auto, (max-width: 842px) 100vw, 842px\" \/>\t\t\t\t\t\t\n\t\t\t\t\t<\/div>\n\t\t\t\t\t\t\t\t\n<style>\n#image_1236257250 {\n  width: 100%;\n}\n<\/style>\n\t<\/div>\n\t\n\t\t<\/div>\n\t\t\t\t\t<\/div>\n\n\t\n<\/div>\n<div class=\"row\"  id=\"row-1598672824\">\n\n\t<div id=\"col-5164479\" class=\"col medium-6 small-12 large-6\"  >\n\t\t\t\t<div class=\"col-inner\"  >\n\t\t\t\n\t\t\t\n\t<div class=\"img has-hover x md-x lg-x y md-y lg-y\" id=\"image_1513849857\">\n\t\t\t\t\t\t\t\t<div class=\"img-inner dark\" >\n\t\t\t<img loading=\"lazy\" decoding=\"async\" width=\"842\" height=\"587\" src=\"https:\/\/peick-automation.ro\/wp-content\/uploads\/2024\/01\/Pic-4-1.jpg\" class=\"attachment-original size-original\" alt=\"\" srcset=\"https:\/\/peick-automation.ro\/wp-content\/uploads\/2024\/01\/Pic-4-1.jpg 842w, https:\/\/peick-automation.ro\/wp-content\/uploads\/2024\/01\/Pic-4-1-300x209.jpg 300w, https:\/\/peick-automation.ro\/wp-content\/uploads\/2024\/01\/Pic-4-1-768x535.jpg 768w\" sizes=\"auto, (max-width: 842px) 100vw, 842px\" \/>\t\t\t\t\t\t\n\t\t\t\t\t<\/div>\n\t\t\t\t\t\t\t\t\n<style>\n#image_1513849857 {\n  width: 100%;\n}\n<\/style>\n\t<\/div>\n\t\n\t\t<\/div>\n\t\t\t\t\t<\/div>\n\n\t\n<\/div>\n\t\t<\/div>\n\n\t\t\n<style>\n#section_1713468318 {\n  padding-top: 30px;\n  padding-bottom: 30px;\n}\n<\/style>\n\t<\/section>\n\t\n\t<section class=\"section\" id=\"section_2037222564\">\n\t\t<div class=\"bg section-bg fill bg-fill  bg-loaded\" >\n\n\t\t\t\n\t\t\t\n\t\t\t\n\n\t\t<\/div>\n\n\t\t\n\n\t\t<div class=\"section-content relative\">\n\t\t\t\n<div class=\"row\"  id=\"row-132644384\">\n\n\t<div id=\"col-447437097\" class=\"col small-12 large-12\"  >\n\t\t\t\t<div class=\"col-inner\"  >\n\t\t\t\n\t\t\t\n<h2 style=\"font-weight:500;\">Effiziente Palettierung von leeren KLTs<\/h2>\n<p>In dieser Case-Studie konzentrieren wir uns auf die effiziente Palettierung von leeren KLTs nach dem Einlagerungsprozess in einem ET-Lager. Dabei handelt es sich um verschiedene leere KLTs, die auf Paletten gef\u00f6rdert werden, und unser Roboter \u00fcbernimmt die Aufgabe, sie pr\u00e4zise zu palettieren.<\/p>\n<p>\nDer Prozess beginnt damit, dass leere KLTs in verschiedenen Ausf\u00fchrungen, sei es gestapelt oder als Drehstapelbeh\u00e4lter, auf Paletten dem Roboter zu gef\u00f6rdert werden. Unsere fortschrittliche Kameratechnik erkennt den Kistentyp sowie deren genaue Position auf der Palette. Dies erm\u00f6glicht es unserem Roboter, die KLTs oder Kistenstapel sicher zu greifen und auf einer anderen Palette zu palettieren.<\/p>\n<p>Ein weiterer Vorteil unseres Systems ist die Geschwindigkeit. Mit einem beeindruckenden Durchsatz von bis zu 1250 KLTs pro Stunde gew\u00e4hrleisten wir eine schnelle und effiziente Abwicklung dieses Prozesses. Dar\u00fcber hinaus sorgt die \u00e4u\u00dferst kompakte Anordnung von F\u00f6rdertechnik und Robotik f\u00fcr Platzersparnis in Ihrem Lager.<\/p>\n<p>Nachdem die Palette vollst\u00e4ndig palettiert ist, setzt unser Roboter einen Pappdeckel auf, um die Sicherheit der Ladung zu gew\u00e4hrleisten und den Versandprozess weiter zu optimieren.<\/p>\n<p>Erfahren Sie mehr \u00fcber unsere L\u00f6sung und wie sie die Palettierung von leeren KLTs in Ihrem Lager optimieren kann.<\/p>\n\t\t<\/div>\n\t\t\t\t\t<\/div>\n\n\t\n<\/div>\n\t\t<\/div>\n\n\t\t\n<style>\n#section_2037222564 {\n  padding-top: 30px;\n  padding-bottom: 30px;\n}\n<\/style>\n\t<\/section>\n\t\n\t<section class=\"section\" id=\"section_1435842085\">\n\t\t<div class=\"bg section-bg fill bg-fill  \" >\n\n\t\t\t\n\t\t\t\n\t\t\t\n\n\t\t<\/div>\n\n\t\t\n\n\t\t<div class=\"section-content relative\">\n\t\t\t\n\n<div class=\"row\"  id=\"row-1047356342\">\n\n\n\t<div id=\"col-20066589\" class=\"col medium-4 small-12 large-4\"  >\n\t\t\t\t<div class=\"col-inner\"  >\n\t\t\t\n\t\t\t\n\n\t<div id=\"text-1197800891\" class=\"text\">\n\t\t\n\n<blockquote style=\"border-left-width: 4.6px;\">\n<h2 style=\"font-size: 99px;border-left-width: 4.6px;line-height: 1.1em;\"><span data-text-color=\"primary\">3<br><\/span><\/h2>\n<\/blockquote>\n\t\t\n<style>\n#text-1197800891 {\n  text-align: left;\n}\n<\/style>\n\t<\/div>\n\t\n<p><span data-text-color=\"primary\"><strong>Standorte<\/strong><\/span><\/p>\n\n\t\t<\/div>\n\t\t\t\t\t<\/div>\n\n\t\n\n\t<div id=\"col-1150607333\" class=\"col medium-4 small-12 large-4\"  >\n\t\t\t\t<div class=\"col-inner\"  >\n\t\t\t\n\t\t\t\n\n\t<div id=\"text-2707741840\" class=\"text\">\n\t\t\n\n<blockquote style=\"border-left-width: 4.6px;\">\n<h2 style=\"font-size: 99px;border-left-width: 4.6px;line-height: 1.1em;\"><span data-text-color=\"primary\">66<br><\/span><\/h2>\n<\/blockquote>\n\t\t\n<style>\n#text-2707741840 {\n  text-align: left;\n}\n<\/style>\n\t<\/div>\n\t\n<p><span data-text-color=\"primary\"><strong>Mitarbeiter<\/strong><\/span><\/p>\n\n\t\t<\/div>\n\t\t\t\t\t<\/div>\n\n\t\n\n\t<div id=\"col-1824093083\" class=\"col medium-4 small-12 large-4\"  >\n\t\t\t\t<div class=\"col-inner\"  >\n\t\t\t\n\t\t\t\n\n\t<div id=\"text-1804795057\" class=\"text\">\n\t\t\n\n<blockquote style=\"border-left-width: 4.6px;\">\n<h2 style=\"font-size: 99px;border-left-width: 4.6px;line-height: 1.1em;\"><span data-text-color=\"primary\">2007<br><\/span><\/h2>\n<\/blockquote>\n\t\t\n<style>\n#text-1804795057 {\n  text-align: left;\n}\n<\/style>\n\t<\/div>\n\t\n\t<div id=\"text-3051757585\" class=\"text\">\n\t\t\n\n<p><span data-text-color=\"primary\"><strong>Gegr\u00fcndet<\/strong><\/span><\/p>\n\t\t\n<style>\n#text-3051757585 {\n  line-height: 1.35;\n}\n<\/style>\n\t<\/div>\n\t\n\n\t\t<\/div>\n\t\t\t\t\t<\/div>\n\n\t\n\n<\/div>\n\n\t\t<\/div>\n\n\t\t\n<style>\n#section_1435842085 {\n  padding-top: 100px;\n  padding-bottom: 100px;\n}\n#section_1435842085 .section-bg.bg-loaded {\n  background-image: url(https:\/\/peick-automation.ro\/wp-content\/uploads\/2023\/10\/worldmap.png);\n}\n<\/style>\n\t<\/section>\n\t\n","protected":false},"excerpt":{"rendered":"","protected":false},"author":1,"featured_media":0,"parent":1769,"menu_order":0,"comment_status":"closed","ping_status":"closed","template":"page-blank.php","meta":{"inline_featured_image":false,"footnotes":""},"class_list":["post-1829","page","type-page","status-publish","hentry"],"_links":{"self":[{"href":"https:\/\/peick-automation.ro\/de\/wp-json\/wp\/v2\/pages\/1829","targetHints":{"allow":["GET"]}}],"collection":[{"href":"https:\/\/peick-automation.ro\/de\/wp-json\/wp\/v2\/pages"}],"about":[{"href":"https:\/\/peick-automation.ro\/de\/wp-json\/wp\/v2\/types\/page"}],"author":[{"embeddable":true,"href":"https:\/\/peick-automation.ro\/de\/wp-json\/wp\/v2\/users\/1"}],"replies":[{"embeddable":true,"href":"https:\/\/peick-automation.ro\/de\/wp-json\/wp\/v2\/comments?post=1829"}],"version-history":[{"count":3,"href":"https:\/\/peick-automation.ro\/de\/wp-json\/wp\/v2\/pages\/1829\/revisions"}],"predecessor-version":[{"id":1832,"href":"https:\/\/peick-automation.ro\/de\/wp-json\/wp\/v2\/pages\/1829\/revisions\/1832"}],"up":[{"embeddable":true,"href":"https:\/\/peick-automation.ro\/de\/wp-json\/wp\/v2\/pages\/1769"}],"wp:attachment":[{"href":"https:\/\/peick-automation.ro\/de\/wp-json\/wp\/v2\/media?parent=1829"}],"curies":[{"name":"wp","href":"https:\/\/api.w.org\/{rel}","templated":true}]}}