{"id":1838,"date":"2024-01-24T09:40:09","date_gmt":"2024-01-24T09:40:09","guid":{"rendered":"https:\/\/dev.peick.ro\/project\/depalettierung-von-klts\/"},"modified":"2024-01-24T11:50:54","modified_gmt":"2024-01-24T11:50:54","slug":"depalettierung-von-klts","status":"publish","type":"page","link":"https:\/\/peick-automation.ro\/de\/project\/depalettierung-von-klts\/","title":{"rendered":"Depalettierung von KLTs"},"content":{"rendered":"\t<section class=\"section dark\" id=\"section_609975036\">\n\t\t<div class=\"bg section-bg fill bg-fill  bg-loaded\" >\n\n\t\t\t\n\t\t\t\n\t\t\t\n\n\t\t<\/div>\n\n\t\t\n\n\t\t<div class=\"section-content relative\">\n\t\t\t\n<div class=\"row align-center\"  id=\"row-698780309\">\n\n\t<div id=\"col-1398327372\" class=\"col medium-10 small-12 large-12\"  >\n\t\t\t\t<div class=\"col-inner text-center\"  >\n\t\t\t\n\t\t\t\n\t<div id=\"text-433132721\" class=\"text blockquote-h1\">\n\t\t\n<blockquote style=\"border-left-color:white !important;\">\n<h1 style=\"text-align: left;\"><span data-text-color=\"white\">Depalettierung von KLTs von Palette auf F\u00f6rdertechnik<\/span><\/h1>\n<\/blockquote>\n\t\t\t<\/div>\n\t\n\t\t<\/div>\n\t\t\t\t\t<\/div>\n\n\t\n<\/div>\n\t\t<\/div>\n\n\t\t\n<style>\n#section_609975036 {\n  padding-top: 30px;\n  padding-bottom: 30px;\n  min-height: 280px;\n  background-color: #a42237;\n}\n<\/style>\n\t<\/section>\n\t\n\t<section class=\"section\" id=\"section_2019090070\">\n\t\t<div class=\"bg section-bg fill bg-fill  bg-loaded\" >\n\n\t\t\t\n\t\t\t\n\t\t\t\n\n\t\t<\/div>\n\n\t\t\n\n\t\t<div class=\"section-content relative\">\n\t\t\t\n<div class=\"row\" style=\"max-width:1400px\" id=\"row-1553794601\">\n\n\t<div id=\"col-1904375371\" class=\"col medium-1 small-12 large-1\"  >\n\t\t\t\t<div class=\"col-inner\"  >\n\t\t\t\n\t\t\t\n\t\t<\/div>\n\t\t\t\t\t<\/div>\n\n\t\n\n\t<div id=\"col-1902190646\" class=\"col medium-7 small-12 large-7\"  >\n\t\t\t\t<div class=\"col-inner text-center box-shadow-3\" style=\"background-color:rgb(255, 255, 255);\" >\n\t\t\t\n\t\t\t\n\t<div class=\"img has-hover x md-x lg-x y md-y lg-y\" id=\"image_759213523\">\n\t\t\t\t\t\t\t\t<div class=\"img-inner dark\" >\n\t\t\t<img loading=\"lazy\" decoding=\"async\" width=\"842\" height=\"587\" src=\"https:\/\/peick-automation.ro\/wp-content\/uploads\/2024\/01\/Depalettierung-2-1.jpg\" class=\"attachment-original size-original\" alt=\"\" srcset=\"https:\/\/peick-automation.ro\/wp-content\/uploads\/2024\/01\/Depalettierung-2-1.jpg 842w, https:\/\/peick-automation.ro\/wp-content\/uploads\/2024\/01\/Depalettierung-2-1-300x209.jpg 300w, https:\/\/peick-automation.ro\/wp-content\/uploads\/2024\/01\/Depalettierung-2-1-768x535.jpg 768w\" sizes=\"auto, (max-width: 842px) 100vw, 842px\" \/>\t\t\t\t\t\t\n\t\t\t\t\t<\/div>\n\t\t\t\t\t\t\t\t\n<style>\n#image_759213523 {\n  width: 100%;\n}\n<\/style>\n\t<\/div>\n\t\n\t\t<\/div>\n\t\t\t\t\n<style>\n#col-1902190646 > .col-inner {\n  margin: -80px 0px 0px 0px;\n}\n<\/style>\n\t<\/div>\n\n\t\n\n\t<div id=\"col-407357179\" class=\"col medium-3 small-12 large-3\"  >\n\t\t\t\t<div class=\"col-inner text-center box-shadow-3\" style=\"background-color:rgb(255,255,255);\" >\n\t\t\t\n\t\t\t\n<div class=\"row row-collapse\"  id=\"row-846787723\">\n\n\t<div id=\"col-1360383706\" class=\"col small-12 large-12\"  >\n\t\t\t\t<div class=\"col-inner text-left\"  >\n\t\t\t\n\t\t\t\n<h2><span style=\"color: black;\">FOKUS<\/span> <\/h2>\n\n\t\t<div class=\"icon-box featured-box icon-box-left text-left\"  >\n\t\t\t\t\t<div class=\"icon-box-img\" style=\"width: 25px\">\n\t\t\t\t<div class=\"icon\">\n\t\t\t\t\t<div class=\"icon-inner\" style=\"color:rgb(164, 34, 55);\">\n\t\t\t\t\t\t<?xml version=\"1.0\" encoding=\"UTF-8\" standalone=\"no\"?>\n<svg xmlns=\"http:\/\/www.w3.org\/2000\/svg\" version=\"1.0\" width=\"166.000000pt\" height=\"165.000000pt\" viewBox=\"0 0 166.000000 165.000000\" preserveAspectRatio=\"xMidYMid meet\">\n  <g transform=\"translate(0.000000,165.000000) scale(0.100000,-0.100000)\" fill=\"#000000\" stroke=\"none\">\n    <path d=\"M715 1503 c-131 -18 -273 -87 -377 -182 -100 -92 -176 -224 -209 -361 -16 -71 -16 -230 1 -299 92 -380 451 -612 828 -535 148 30 305 126 397 242 57 71 120 197 141 282 25 101 15 292 -20 388 -42 113 -92 190 -176 272 -154 151 -371 223 -585 193z m220 -118 c215 -45 394 -216 450 -430 19 -75 19 -214 0 -288 -79 -303 -385 -497 -684 -433 -284 60 -472 290 -472 576 0 376 339 652 706 575z\"><\/path>\n    <path d=\"M703 1142 c-85 -31 -156 -92 -201 -177 -24 -45 -27 -60 -27 -155 0 -98 2 -109 30 -158 39 -72 122 -146 187 -168 68 -24 176 -23 246 0 65 22 147 95 187 168 28 49 30 60 30 158 0 121 -14 158 -92 241 -90 96 -240 134 -360 91z\"><\/path>\n  <\/g>\n<\/svg>\n\t\t\t\t\t<\/div>\n\t\t\t\t<\/div>\n\t\t\t<\/div>\n\t\t\t\t<div class=\"icon-box-text last-reset\">\n\t\t\t\t\t\t\t\t\t\n\t<div id=\"text-3084627545\" class=\"text\">\n\t\t\n<p style=\"margin-bottom:5px\"><strong>Depalettierung<\/strong><\/p>\n<p>von gestapelten KLTs<\/p>\n\t\t\n<style>\n#text-3084627545 {\n  text-align: left;\n  color: rgb(0, 0, 0);\n}\n#text-3084627545 > * {\n  color: rgb(0, 0, 0);\n}\n<\/style>\n\t<\/div>\n\t\n\t\t<\/div>\n\t<\/div>\n\t\n\t\n\n\t\t<div class=\"icon-box featured-box icon-box-left text-left\"  >\n\t\t\t\t\t<div class=\"icon-box-img\" style=\"width: 25px\">\n\t\t\t\t<div class=\"icon\">\n\t\t\t\t\t<div class=\"icon-inner\" style=\"color:rgb(164, 34, 55);\">\n\t\t\t\t\t\t<?xml version=\"1.0\" encoding=\"UTF-8\" standalone=\"no\"?>\n<svg xmlns=\"http:\/\/www.w3.org\/2000\/svg\" version=\"1.0\" width=\"166.000000pt\" height=\"165.000000pt\" viewBox=\"0 0 166.000000 165.000000\" preserveAspectRatio=\"xMidYMid meet\">\n  <g transform=\"translate(0.000000,165.000000) scale(0.100000,-0.100000)\" fill=\"#000000\" stroke=\"none\">\n    <path d=\"M715 1503 c-131 -18 -273 -87 -377 -182 -100 -92 -176 -224 -209 -361 -16 -71 -16 -230 1 -299 92 -380 451 -612 828 -535 148 30 305 126 397 242 57 71 120 197 141 282 25 101 15 292 -20 388 -42 113 -92 190 -176 272 -154 151 -371 223 -585 193z m220 -118 c215 -45 394 -216 450 -430 19 -75 19 -214 0 -288 -79 -303 -385 -497 -684 -433 -284 60 -472 290 -472 576 0 376 339 652 706 575z\"><\/path>\n    <path d=\"M703 1142 c-85 -31 -156 -92 -201 -177 -24 -45 -27 -60 -27 -155 0 -98 2 -109 30 -158 39 -72 122 -146 187 -168 68 -24 176 -23 246 0 65 22 147 95 187 168 28 49 30 60 30 158 0 121 -14 158 -92 241 -90 96 -240 134 -360 91z\"><\/path>\n  <\/g>\n<\/svg>\n\t\t\t\t\t<\/div>\n\t\t\t\t<\/div>\n\t\t\t<\/div>\n\t\t\t\t<div class=\"icon-box-text last-reset\">\n\t\t\t\t\t\t\t\t\t\n\t<div id=\"text-1755392489\" class=\"text\">\n\t\t\n<p style=\"margin-bottom:5px\"><strong>Einzelplatzierung<\/strong><\/p>\n<p>von KLTs<\/p>\n\t\t\n<style>\n#text-1755392489 {\n  text-align: left;\n  color: rgb(0, 0, 0);\n}\n#text-1755392489 > * {\n  color: rgb(0, 0, 0);\n}\n<\/style>\n\t<\/div>\n\t\n\t\t<\/div>\n\t<\/div>\n\t\n\t\n\t\t<\/div>\n\t\t\t\t\t<\/div>\n\n\t\n\n\t<div id=\"col-335469822\" class=\"col small-12 large-12\"  >\n\t\t\t\t<div class=\"col-inner\"  >\n\t\t\t\n\t\t\t\n<a href=\"https:\/\/peick.ro\/contact\/\" class=\"button primary\"  >\n    <span>KONTAKT AUFNEHMEN<\/span>\n  <\/a>\n\n\t\t<\/div>\n\t\t\t\t\n<style>\n#col-335469822 > .col-inner {\n  padding: 30px 0px 0px 0px;\n}\n<\/style>\n\t<\/div>\n\n\t\n<\/div>\n\t\t<\/div>\n\t\t\t\t\n<style>\n#col-407357179 > .col-inner {\n  padding: 50px 20px 20px 20px;\n  margin: -80px 0px 0px 0px;\n}\n<\/style>\n\t<\/div>\n\n\t\n\n\t<div id=\"col-70859748\" class=\"col medium-1 small-12 large-1\"  >\n\t\t\t\t<div class=\"col-inner\"  >\n\t\t\t\n\t\t\t\n\t\t<\/div>\n\t\t\t\t\t<\/div>\n\n\t\n<\/div>\n<div class=\"row\"  id=\"row-1821698676\">\n\n\t<div id=\"col-2039524466\" class=\"col medium-6 small-12 large-6\"  >\n\t\t\t\t<div class=\"col-inner\"  >\n\t\t\t\n\t\t\t\n\t<div class=\"img has-hover x md-x lg-x y md-y lg-y\" id=\"image_951453695\">\n\t\t\t\t\t\t\t\t<div class=\"img-inner dark\" >\n\t\t\t<img loading=\"lazy\" decoding=\"async\" width=\"842\" height=\"587\" src=\"https:\/\/peick-automation.ro\/wp-content\/uploads\/2024\/01\/Depalettierung-4.jpg\" class=\"attachment-original size-original\" alt=\"\" srcset=\"https:\/\/peick-automation.ro\/wp-content\/uploads\/2024\/01\/Depalettierung-4.jpg 842w, https:\/\/peick-automation.ro\/wp-content\/uploads\/2024\/01\/Depalettierung-4-300x209.jpg 300w, https:\/\/peick-automation.ro\/wp-content\/uploads\/2024\/01\/Depalettierung-4-768x535.jpg 768w\" sizes=\"auto, (max-width: 842px) 100vw, 842px\" \/>\t\t\t\t\t\t\n\t\t\t\t\t<\/div>\n\t\t\t\t\t\t\t\t\n<style>\n#image_951453695 {\n  width: 100%;\n}\n<\/style>\n\t<\/div>\n\t\n\t\t<\/div>\n\t\t\t\t\t<\/div>\n\n\t\n\n\t<div id=\"col-2084958184\" class=\"col medium-6 small-12 large-6\"  >\n\t\t\t\t<div class=\"col-inner\"  >\n\t\t\t\n\t\t\t\n\t<div class=\"img has-hover x md-x lg-x y md-y lg-y\" id=\"image_1945862624\">\n\t\t\t\t\t\t\t\t<div class=\"img-inner dark\" >\n\t\t\t<img loading=\"lazy\" decoding=\"async\" width=\"842\" height=\"587\" src=\"https:\/\/peick-automation.ro\/wp-content\/uploads\/2024\/01\/Depalettierung-1.jpg\" class=\"attachment-original size-original\" alt=\"\" srcset=\"https:\/\/peick-automation.ro\/wp-content\/uploads\/2024\/01\/Depalettierung-1.jpg 842w, https:\/\/peick-automation.ro\/wp-content\/uploads\/2024\/01\/Depalettierung-1-300x209.jpg 300w, https:\/\/peick-automation.ro\/wp-content\/uploads\/2024\/01\/Depalettierung-1-768x535.jpg 768w\" sizes=\"auto, (max-width: 842px) 100vw, 842px\" \/>\t\t\t\t\t\t\n\t\t\t\t\t<\/div>\n\t\t\t\t\t\t\t\t\n<style>\n#image_1945862624 {\n  width: 100%;\n}\n<\/style>\n\t<\/div>\n\t\n\t\t<\/div>\n\t\t\t\t\t<\/div>\n\n\t\n<\/div>\n<div class=\"row\"  id=\"row-1328087329\">\n\n\t<div id=\"col-1593633230\" class=\"col medium-6 small-12 large-6\"  >\n\t\t\t\t<div class=\"col-inner\"  >\n\t\t\t\n\t\t\t\n\t<div class=\"img has-hover x md-x lg-x y md-y lg-y\" id=\"image_1248753512\">\n\t\t\t\t\t\t\t\t<div class=\"img-inner dark\" >\n\t\t\t<img loading=\"lazy\" decoding=\"async\" width=\"842\" height=\"587\" src=\"https:\/\/peick-automation.ro\/wp-content\/uploads\/2024\/01\/Depalettierung-3.jpg\" class=\"attachment-original size-original\" alt=\"\" srcset=\"https:\/\/peick-automation.ro\/wp-content\/uploads\/2024\/01\/Depalettierung-3.jpg 842w, https:\/\/peick-automation.ro\/wp-content\/uploads\/2024\/01\/Depalettierung-3-300x209.jpg 300w, https:\/\/peick-automation.ro\/wp-content\/uploads\/2024\/01\/Depalettierung-3-768x535.jpg 768w\" sizes=\"auto, (max-width: 842px) 100vw, 842px\" \/>\t\t\t\t\t\t\n\t\t\t\t\t<\/div>\n\t\t\t\t\t\t\t\t\n<style>\n#image_1248753512 {\n  width: 100%;\n}\n<\/style>\n\t<\/div>\n\t\n\t\t<\/div>\n\t\t\t\t\t<\/div>\n\n\t\n<\/div>\n\t\t<\/div>\n\n\t\t\n<style>\n#section_2019090070 {\n  padding-top: 30px;\n  padding-bottom: 30px;\n}\n<\/style>\n\t<\/section>\n\t\n\t<section class=\"section\" id=\"section_1748695661\">\n\t\t<div class=\"bg section-bg fill bg-fill  bg-loaded\" >\n\n\t\t\t\n\t\t\t\n\t\t\t\n\n\t\t<\/div>\n\n\t\t\n\n\t\t<div class=\"section-content relative\">\n\t\t\t\n<div class=\"row\"  id=\"row-1637052690\">\n\n\t<div id=\"col-1379302625\" class=\"col small-12 large-12\"  >\n\t\t\t\t<div class=\"col-inner\"  >\n\t\t\t\n\t\t\t\n<h2 style=\"font-weight:500;\">Effiziente Depalettierung und Einzelplatzierung von KLTs<\/h2>\n<p>In dieser Case-Studie liegt der Fokus auf der Depalettierung von gestapelten KLTs von einer Palette und deren anschlie\u00dfender Einzelplatzierung auf einer abf\u00fchrenden F\u00f6rdertechnik. Diese Aufgabe spielt eine entscheidende Rolle in der Logistik.<\/p>\n<p>\nDer Prozess beginnt damit, dass KLTs auf einer Palette gestapelt dem Roboter zu gef\u00f6rdert werden und von dort einzeln von einem Roboter entnommen werden. Der Roboter f\u00fchrt dann jedes KLT zur abf\u00fchrenden F\u00f6rdertechnik, wo es sicher und einzeln abgesetzt wird. Dabei erfolgt ein Scan Prozess zur Identifizierung der KLTs, um einen entsprechenden Zielort im Logistiksystem zu deklarieren. Eine entsprechende Abf\u00f6rderung erfolgt dann entsprechend.<\/p>\n<p>Unsere L\u00f6sung gew\u00e4hrleistet einen beeindruckenden Durchsatz von bis zu 400 Picks pro Stunde. Dies erm\u00f6glicht eine \u00e4u\u00dferst effiziente und reibungslose Abwicklung von Lager- und Logistikprozessen.<\/p>\n<p>Erfahren Sie mehr \u00fcber unsere L\u00f6sung und wie sie die Depalettierung und Einzelplatzierung von KLTs in Ihrem Betrieb optimieren kann.<\/p>\n\t\t<\/div>\n\t\t\t\t\t<\/div>\n\n\t\n<\/div>\n\t\t<\/div>\n\n\t\t\n<style>\n#section_1748695661 {\n  padding-top: 30px;\n  padding-bottom: 30px;\n}\n<\/style>\n\t<\/section>\n\t\n\t<section class=\"section\" id=\"section_194582856\">\n\t\t<div class=\"bg section-bg fill bg-fill  \" >\n\n\t\t\t\n\t\t\t\n\t\t\t\n\n\t\t<\/div>\n\n\t\t\n\n\t\t<div class=\"section-content relative\">\n\t\t\t\n\n<div class=\"row\"  id=\"row-1028552201\">\n\n\n\t<div id=\"col-1301420501\" class=\"col medium-4 small-12 large-4\"  >\n\t\t\t\t<div class=\"col-inner\"  >\n\t\t\t\n\t\t\t\n\n\t<div id=\"text-2846430634\" class=\"text\">\n\t\t\n\n<blockquote style=\"border-left-width: 4.6px;\">\n<h2 style=\"font-size: 99px;border-left-width: 4.6px;line-height: 1.1em;\"><span data-text-color=\"primary\">3<br><\/span><\/h2>\n<\/blockquote>\n\t\t\n<style>\n#text-2846430634 {\n  text-align: left;\n}\n<\/style>\n\t<\/div>\n\t\n<p><span data-text-color=\"primary\"><strong>Standorte<\/strong><\/span><\/p>\n\n\t\t<\/div>\n\t\t\t\t\t<\/div>\n\n\t\n\n\t<div id=\"col-935796975\" class=\"col medium-4 small-12 large-4\"  >\n\t\t\t\t<div class=\"col-inner\"  >\n\t\t\t\n\t\t\t\n\n\t<div id=\"text-4202441273\" class=\"text\">\n\t\t\n\n<blockquote style=\"border-left-width: 4.6px;\">\n<h2 style=\"font-size: 99px;border-left-width: 4.6px;line-height: 1.1em;\"><span data-text-color=\"primary\">66<br><\/span><\/h2>\n<\/blockquote>\n\t\t\n<style>\n#text-4202441273 {\n  text-align: left;\n}\n<\/style>\n\t<\/div>\n\t\n<p><span data-text-color=\"primary\"><strong>Mitarbeiter<\/strong><\/span><\/p>\n\n\t\t<\/div>\n\t\t\t\t\t<\/div>\n\n\t\n\n\t<div id=\"col-541907364\" class=\"col medium-4 small-12 large-4\"  >\n\t\t\t\t<div class=\"col-inner\"  >\n\t\t\t\n\t\t\t\n\n\t<div id=\"text-430690233\" class=\"text\">\n\t\t\n\n<blockquote style=\"border-left-width: 4.6px;\">\n<h2 style=\"font-size: 99px;border-left-width: 4.6px;line-height: 1.1em;\"><span data-text-color=\"primary\">2007<br><\/span><\/h2>\n<\/blockquote>\n\t\t\n<style>\n#text-430690233 {\n  text-align: left;\n}\n<\/style>\n\t<\/div>\n\t\n\t<div id=\"text-2196974618\" class=\"text\">\n\t\t\n\n<p><span data-text-color=\"primary\"><strong>Gegr\u00fcndet<\/strong><\/span><\/p>\n\t\t\n<style>\n#text-2196974618 {\n  line-height: 1.35;\n}\n<\/style>\n\t<\/div>\n\t\n\n\t\t<\/div>\n\t\t\t\t\t<\/div>\n\n\t\n\n<\/div>\n\n\t\t<\/div>\n\n\t\t\n<style>\n#section_194582856 {\n  padding-top: 100px;\n  padding-bottom: 100px;\n}\n#section_194582856 .section-bg.bg-loaded {\n  background-image: url(https:\/\/peick-automation.ro\/wp-content\/uploads\/2023\/10\/worldmap.png);\n}\n<\/style>\n\t<\/section>\n\t\n","protected":false},"excerpt":{"rendered":"","protected":false},"author":1,"featured_media":0,"parent":1769,"menu_order":0,"comment_status":"closed","ping_status":"closed","template":"page-blank.php","meta":{"inline_featured_image":false,"footnotes":""},"class_list":["post-1838","page","type-page","status-publish","hentry"],"_links":{"self":[{"href":"https:\/\/peick-automation.ro\/de\/wp-json\/wp\/v2\/pages\/1838","targetHints":{"allow":["GET"]}}],"collection":[{"href":"https:\/\/peick-automation.ro\/de\/wp-json\/wp\/v2\/pages"}],"about":[{"href":"https:\/\/peick-automation.ro\/de\/wp-json\/wp\/v2\/types\/page"}],"author":[{"embeddable":true,"href":"https:\/\/peick-automation.ro\/de\/wp-json\/wp\/v2\/users\/1"}],"replies":[{"embeddable":true,"href":"https:\/\/peick-automation.ro\/de\/wp-json\/wp\/v2\/comments?post=1838"}],"version-history":[{"count":3,"href":"https:\/\/peick-automation.ro\/de\/wp-json\/wp\/v2\/pages\/1838\/revisions"}],"predecessor-version":[{"id":1841,"href":"https:\/\/peick-automation.ro\/de\/wp-json\/wp\/v2\/pages\/1838\/revisions\/1841"}],"up":[{"embeddable":true,"href":"https:\/\/peick-automation.ro\/de\/wp-json\/wp\/v2\/pages\/1769"}],"wp:attachment":[{"href":"https:\/\/peick-automation.ro\/de\/wp-json\/wp\/v2\/media?parent=1838"}],"curies":[{"name":"wp","href":"https:\/\/api.w.org\/{rel}","templated":true}]}}