{"id":1950,"date":"2023-11-17T15:17:27","date_gmt":"2023-11-17T15:17:27","guid":{"rendered":"https:\/\/dev.peick.ro\/ueber-peick\/"},"modified":"2024-02-20T15:17:15","modified_gmt":"2024-02-20T15:17:15","slug":"ueber-peick","status":"publish","type":"page","link":"https:\/\/peick-automation.ro\/de\/ueber-peick\/","title":{"rendered":"\u00dcber Peick"},"content":{"rendered":"\t<section class=\"section overlay-gradient dark has-parallax\" id=\"section_843649602\">\n\t\t<div class=\"bg section-bg fill bg-fill  \" data-parallax-container=\".section\" data-parallax-background data-parallax=\"-10\">\n\n\t\t\t\n\t\t\t<div class=\"section-bg-overlay absolute fill\"><\/div>\n\t\t\t\n\n\t\t<\/div>\n\n\t\t\n\n\t\t<div class=\"section-content relative\">\n\t\t\t\n<div class=\"row align-center\"  id=\"row-223519415\">\n\n\t<div id=\"col-1719522398\" class=\"col medium-10 small-12 large-12\"  >\n\t\t\t\t<div class=\"col-inner text-center\"  >\n\t\t\t\n\t\t\t\n\t<div id=\"text-2761408410\" class=\"text blockquote-h1\">\n\t\t\n<p class=\"lead\" style=\"text-align: left; color: black;\"><strong>MOVING INNOVATIONS<\/strong><\/p>\n<blockquote>\n<h1 style=\"text-align: left;\"><span data-text-color=\"primary\">Die Peick-Gruppe<\/span><\/h1>\n<\/blockquote>\n\t\t\t<\/div>\n\t\n\t\t<\/div>\n\t\t\t\t\t<\/div>\n\n\t\n<\/div>\n\t\t<\/div>\n\n\t\t\n<style>\n#section_843649602 {\n  padding-top: 30px;\n  padding-bottom: 30px;\n  min-height: 500px;\n}\n#section_843649602 .section-bg-overlay {\n  background-color: rgba(255, 255, 255, 0.093);\n}\n#section_843649602 .section-bg.bg-loaded {\n  background-image: url(https:\/\/peick-automation.ro\/wp-content\/uploads\/2023\/09\/foerderband-auto.jpg);\n}\n#section_843649602 .section-bg {\n  background-position: 0% 50%;\n}\n<\/style>\n\t<\/section>\n\t\n\t<section class=\"section\" id=\"section_309908243\">\n\t\t<div class=\"bg section-bg fill bg-fill  bg-loaded\" >\n\n\t\t\t\n\t\t\t\n\t\t\t\n\n\t\t<\/div>\n\n\t\t\n\n\t\t<div class=\"section-content relative\">\n\t\t\t\n<div class=\"row\"  id=\"row-1896089763\">\n\n\t<div id=\"col-1386892171\" class=\"col medium-6 small-12 large-6\"  >\n\t\t\t\t<div class=\"col-inner\"  >\n\t\t\t\n\t\t\t\n\t<div id=\"gap-1977646838\" class=\"gap-element clearfix\" style=\"display:block; height:auto;\">\n\t\t\n<style>\n#gap-1977646838 {\n  padding-top: 30px;\n}\n<\/style>\n\t<\/div>\n\t\n<blockquote class=\"shadow-p shadow-despre\" style=\"border-left: 0px; padding-left: 0px;\">\n<h2 style=\"color: #a42237; font-size: 14px;\"><span style=\"letter-spacing: 3px; border-left: 4px solid; padding-left: 11px; position: absolute; left: 0%; top: 20%;\">Peick F\u00f6rdersysteme<\/span><\/h2>\n<\/blockquote>\n<h2><span style=\"color: black;\">Vorstellung <\/span> <span data-text-color=\"primary\">des Unternehmens<\/span><\/h2>\n<p>Die Peick-Gruppe ist ein inhabergef\u00fchrtes Unternehmen, das sich seit \u00fcber 25 Jahren auf vollautomatisierte Lager- und Logistiksysteme spezialisiert hat. Verteilt auf zwei Standorte in Deutschland und einem Standort in Rum\u00e4nien beraten, entwickeln und produzieren wir innovative Materialflusssysteme.<\/p>\n<p>Hierbei setzen wir mit unserer Ideenschmiede sowohl im Umgang mit unseren weltweiten Kunden, als auch im eigenen Betrieb auf Flexibilit\u00e4t und Kreativit\u00e4t, stets getreu dem Motto \u201eCustomer \u2013 Oriented\u201c. Unsere hoch performante Hardware in Verkn\u00fcpfung mit intelligenter Softwarekomponenten, schafft in Anbetracht der innerbetrieblichen Kunden-KPI\u2019s eine signifikante Optimierung der Arbeitsleistung. Dabei haben Werte wie \u201eMade with Quality\u201c, sowie die professionelle und pers\u00f6nliche Betreuung oberste Priorit\u00e4t.<\/p>\n<p>Vom \u201eErstkontakt\u201c bis hin zum \u201eAfter-Sales\u201c erhalten unsere Kunden eine ma\u00dfgeschneiderte Full-Service-Dienstleistung. Sie haben Fragen zu unseren Produkten und\/oder Dienstleistungen? Dann kontaktieren Sie uns!<\/p>\n\t\t<\/div>\n\t\t\t\t\t<\/div>\n\n\t\n\n\t<div id=\"col-211571438\" class=\"col medium-6 small-12 large-6\"  >\n\t\t\t\t<div class=\"col-inner\"  >\n\t\t\t\n\t\t\t\n\t<div class=\"img has-hover x md-x lg-x y md-y lg-y\" id=\"image_2063550555\">\n\t\t\t\t\t\t\t\t<div class=\"img-inner dark\" >\n\t\t\t<img loading=\"lazy\" decoding=\"async\" width=\"1496\" height=\"1336\" src=\"https:\/\/peick-automation.ro\/wp-content\/uploads\/2024\/01\/Peick-about-us.jpg\" class=\"attachment-original size-original\" alt=\"\" srcset=\"https:\/\/peick-automation.ro\/wp-content\/uploads\/2024\/01\/Peick-about-us.jpg 1496w, https:\/\/peick-automation.ro\/wp-content\/uploads\/2024\/01\/Peick-about-us-300x268.jpg 300w, https:\/\/peick-automation.ro\/wp-content\/uploads\/2024\/01\/Peick-about-us-1024x914.jpg 1024w, https:\/\/peick-automation.ro\/wp-content\/uploads\/2024\/01\/Peick-about-us-768x686.jpg 768w\" sizes=\"auto, (max-width: 1496px) 100vw, 1496px\" \/>\t\t\t\t\t\t\n\t\t\t\t\t<\/div>\n\t\t\t\t\t\t\t\t\n<style>\n#image_2063550555 {\n  width: 100%;\n}\n<\/style>\n\t<\/div>\n\t\n\t\t<\/div>\n\t\t\t\t\t<\/div>\n\n\t\n<\/div>\n\t\t<\/div>\n\n\t\t\n<style>\n#section_309908243 {\n  padding-top: 30px;\n  padding-bottom: 30px;\n}\n<\/style>\n\t<\/section>\n\t\n\t<section class=\"section\" id=\"section_909289075\">\n\t\t<div class=\"bg section-bg fill bg-fill  bg-loaded\" >\n\n\t\t\t\n\t\t\t\n\t\t\t\n\n\t\t<\/div>\n\n\t\t\n\n\t\t<div class=\"section-content relative\">\n\t\t\t\n<div class=\"row\"  id=\"row-1323605643\">\n\n\t<div id=\"col-2044447602\" class=\"col small-12 large-12\"  >\n\t\t\t\t<div class=\"col-inner\"  >\n\t\t\t\n\t\t\t\n<h2>Unsere Geschichte<\/h2>\n\t\t\t<!-- Cool Timeline Free V2.9.1 -->\r\n\t\t\t<div class=\"ctl-wrapper\" role=\"region\" aria-label=\"Timeline\">\r\n\t\t\t\t\t\t\t\t<div id=\"cool_timeline_1\" class=\"cool-timeline-wrapper ctl-both-sided ctl-vertical-wrapper\" >\r\n\t\t\t\t\t<div class=\"ctl-start\"><\/div>\r\n\t\t\t\t\t<!-- Timeline Container -->\r\n\t\t\t\t\t<div class=\"ctl-timeline ctl-timeline-container\" data-animation=\"none\">\r\n\t\t\t\t\t\t<!-- Center Line -->\r\n\t\t\t\t\t\t<div class=\"ctl-inner-line\" role=\"presentation\"><\/div>\r\n\t\t\t\t\t\t<!-- Timeline Content --><div  id=\"ctl-story-2096\" class=\"ctl-story ctl-story-icon odd ctl-story-left\" data-aos=\"none\"   data-story-index=\"1\" role=\"article\"><!-- Story Date --><div class=\"ctl-labels\"><div class=\"ctl-label-big story-date\">Januar 1<\/div><\/div><!-- Story Icon --><div class=\"ctl-icon\"><i class= \"fa fas fa-plus-circle\" aria-hidden =\"true\"><\/i><\/div> <!-- Story Arrow --><div class=\"ctl-arrow\"><\/div><!-- Story Content --><div class=\"ctl-content\"><!-- Story Title --><div class=\"ctl-title story-2096\" aria-label=\"2\">Globale Pr\u00e4senz<\/div><!-- Story Description --><div class=\"ctl-description\"><p>In dem Bestreben, unsere globale Pr\u00e4senz zu erweitern, gr\u00fcndeten wir 2022 eine dritte Tochtergesellschaft in Cluj-Napoca, Rum\u00e4nien \u2013 PEICK Automation S.R.L. Diese Tochtergesellschaft widmet sich dem Design, der Entwicklung, der Montage und dem Projektmanagement und st\u00e4rkt damit unsere internationale Pr\u00e4senz<\/p>\n<\/div><\/div><\/div><!-- Timeline Content --><div  id=\"ctl-story-2093\" class=\"ctl-story ctl-story-icon even ctl-story-right\" data-aos=\"none\"   data-story-index=\"2\" role=\"article\"><!-- Story Date --><div class=\"ctl-labels\"><div class=\"ctl-label-big story-date\">Januar 1<\/div><\/div><!-- Story Icon --><div class=\"ctl-icon\"><i class= \"fa fas fa-plus-circle\" aria-hidden =\"true\"><\/i><\/div> <!-- Story Arrow --><div class=\"ctl-arrow\"><\/div><!-- Story Content --><div class=\"ctl-content\"><!-- Story Title --><div class=\"ctl-title story-2093\" aria-label=\"2\">Verst\u00e4rkung der F\u00fchrungsebene<\/div><!-- Story Description --><div class=\"ctl-description\"><p>Die Gr\u00fcnder Frank Peick und Sandra Peick verst\u00e4rken im Jahr 2021 Ihre Gesch\u00e4ftsleitung. Gemeinsam bilden Sie von nun an mit CEO Patrick Scafes und Ihrem technischen Direktor Oliver Kn\u00f6dler ein neues Fundament in Ihrem Firmenwerdegang. Mit der Aufnahme von Patrick Scafes als neuen CEO setzen Sie auf neue Perspektiven, um den Wachstumskurs Ihres Unternehmens weiter voranzutreiben. In Zusammenarbeit mit Oliver Kn\u00f6dler als technischer Direktor arbeiten die neuen Mitglieder der Gesch\u00e4ftsleitung an neue innovativen Gesch\u00e4ftsfeldern, die das Portfolio der Firma Peick F\u00f6rderSysteme weiter ausbauen. Somit ist die Unternehmensnachfolge gesichert.<\/p>\n<\/div><\/div><\/div><!-- Timeline Content --><div  id=\"ctl-story-2090\" class=\"ctl-story ctl-story-icon odd ctl-story-left\" data-aos=\"none\"   data-story-index=\"3\" role=\"article\"><!-- Story Date --><div class=\"ctl-labels\"><div class=\"ctl-label-big story-date\">Januar 1<\/div><\/div><!-- Story Icon --><div class=\"ctl-icon\"><i class= \"fa fas fa-plus-circle\" aria-hidden =\"true\"><\/i><\/div> <!-- Story Arrow --><div class=\"ctl-arrow\"><\/div><!-- Story Content --><div class=\"ctl-content\"><!-- Story Title --><div class=\"ctl-title story-2090\" aria-label=\"2\">Firmenjubil\u00e4um<\/div><!-- Story Description --><div class=\"ctl-description\"><p>Im Jahr 2020 feierten wir stolz unser 25-j\u00e4hriges Bestehen \u2013 ein Beweis f\u00fcr unser anhaltendes Engagement, unsere Erfolge und die unersch\u00fctterliche Unterst\u00fctzung durch unsere Mitarbeiter, Partner und Kunden.<\/p>\n<\/div><\/div><\/div><!-- Timeline Content --><div  id=\"ctl-story-2087\" class=\"ctl-story ctl-story-icon even ctl-story-right\" data-aos=\"none\"   data-story-index=\"4\" role=\"article\"><!-- Story Date --><div class=\"ctl-labels\"><div class=\"ctl-label-big story-date\">Januar 1<\/div><\/div><!-- Story Icon --><div class=\"ctl-icon\"><i class= \"fa fas fa-plus-circle\" aria-hidden =\"true\"><\/i><\/div> <!-- Story Arrow --><div class=\"ctl-arrow\"><\/div><!-- Story Content --><div class=\"ctl-content\"><!-- Story Title --><div class=\"ctl-title story-2087\" aria-label=\"2\">Jenseits der Grenzen<\/div><!-- Story Media --><div class=\"ctl-media full\"><a data-glightbox=\"Jenseits der Grenzen\" href=\"https:\/\/peick-automation.ro\/wp-content\/uploads\/2024\/01\/Yacht-Parking-2019.png\" class=\"ctl_glightbox\"><img loading=\"lazy\" decoding=\"async\" width=\"500\" height=\"281\" src=\"https:\/\/peick-automation.ro\/wp-content\/uploads\/2024\/01\/Yacht-Parking-2019.png\" class=\"story-img wp-post-image\" alt=\"Jenseits der Grenzen\" srcset=\"https:\/\/peick-automation.ro\/wp-content\/uploads\/2024\/01\/Yacht-Parking-2019.png 500w, https:\/\/peick-automation.ro\/wp-content\/uploads\/2024\/01\/Yacht-Parking-2019-300x169.png 300w\" sizes=\"auto, (max-width: 500px) 100vw, 500px\" \/><\/a><\/div><!-- Story Description --><div class=\"ctl-description\"><p>Mit unserem fundierten Wissen und unserer Erfahrung in der automatisierten Lagertechnik haben wir uns 2019 in den Bereich der automatischen Parksysteme f\u00fcr Autos und Yachten vorgewagt. Mit dieser Erweiterung haben wir unsere Vielseitigkeit und unsere F\u00e4higkeit, branchen\u00fcbergreifend zu arbeiten, unter Beweis gestellt.<\/p>\n<\/div><\/div><\/div><!-- Timeline Content --><div  id=\"ctl-story-2084\" class=\"ctl-story ctl-story-icon odd ctl-story-left\" data-aos=\"none\"   data-story-index=\"5\" role=\"article\"><!-- Story Date --><div class=\"ctl-labels\"><div class=\"ctl-label-big story-date\">Januar 1<\/div><\/div><!-- Story Icon --><div class=\"ctl-icon\"><i class= \"fa fas fa-plus-circle\" aria-hidden =\"true\"><\/i><\/div> <!-- Story Arrow --><div class=\"ctl-arrow\"><\/div><!-- Story Content --><div class=\"ctl-content\"><!-- Story Title --><div class=\"ctl-title story-2084\" aria-label=\"2\">Ein neues Kapitel beginnt<\/div><!-- Story Description --><div class=\"ctl-description\"><p>Unser unerm\u00fcdliches Streben nach Spitzenleistungen gipfelte 2018 in der Verlegung des Hauptsitzes der Peick F\u00f6rdersysteme GmbH in die pulsierende Stadt Marbach am Neckar, Deutschland. Dieser Umzug symbolisiert unser Engagement f\u00fcr Wachstum, Innovation und die Erschlie\u00dfung neuer M\u00f6glichkeiten.<\/p>\n<\/div><\/div><\/div><!-- Timeline Content --><div  id=\"ctl-story-2081\" class=\"ctl-story ctl-story-icon even ctl-story-right\" data-aos=\"none\"   data-story-index=\"6\" role=\"article\"><!-- Story Date --><div class=\"ctl-labels\"><div class=\"ctl-label-big story-date\">Januar 1<\/div><\/div><!-- Story Icon --><div class=\"ctl-icon\"><i class= \"fa fas fa-plus-circle\" aria-hidden =\"true\"><\/i><\/div> <!-- Story Arrow --><div class=\"ctl-arrow\"><\/div><!-- Story Content --><div class=\"ctl-content\"><!-- Story Title --><div class=\"ctl-title story-2081\" aria-label=\"2\">Technische Wunderwerke<\/div><!-- Story Media --><div class=\"ctl-media full\"><a data-glightbox=\"Technische Wunderwerke\" href=\"https:\/\/peick-automation.ro\/wp-content\/uploads\/2024\/01\/Meisterwerke.png\" class=\"ctl_glightbox\"><img loading=\"lazy\" decoding=\"async\" width=\"500\" height=\"281\" src=\"https:\/\/peick-automation.ro\/wp-content\/uploads\/2024\/01\/Meisterwerke.png\" class=\"story-img wp-post-image\" alt=\"Technische Wunderwerke\" srcset=\"https:\/\/peick-automation.ro\/wp-content\/uploads\/2024\/01\/Meisterwerke.png 500w, https:\/\/peick-automation.ro\/wp-content\/uploads\/2024\/01\/Meisterwerke-300x169.png 300w\" sizes=\"auto, (max-width: 500px) 100vw, 500px\" \/><\/a><\/div><!-- Story Description --><div class=\"ctl-description\"><p>Zwischen 2011 und 2013 trug unsere Konzentration auf die technische Entwicklung mit der bahnbrechenden Einf\u00fchrung der neuen Regalbedienger\u00e4te im Jahr 2013 Fr\u00fcchte. Damit haben wir nicht nur unsere Innovationskraft unter Beweis gestellt, sondern auch unsere Position als Vorreiter in der F\u00f6rdertechnik gefestigt.<\/p>\n<\/div><\/div><\/div><!-- Timeline Content --><div  id=\"ctl-story-2078\" class=\"ctl-story ctl-story-icon odd ctl-story-left\" data-aos=\"none\"   data-story-index=\"7\" role=\"article\"><!-- Story Date --><div class=\"ctl-labels\"><div class=\"ctl-label-big story-date\">Januar 1<\/div><\/div><!-- Story Icon --><div class=\"ctl-icon\"><i class= \"fa fas fa-plus-circle\" aria-hidden =\"true\"><\/i><\/div> <!-- Story Arrow --><div class=\"ctl-arrow\"><\/div><!-- Story Content --><div class=\"ctl-content\"><!-- Story Title --><div class=\"ctl-title story-2078\" aria-label=\"2\">Den Erfolg pr\u00e4sentieren<\/div><!-- Story Media --><div class=\"ctl-media full\"><a data-glightbox=\"Den Erfolg pr\u00e4sentieren\" href=\"https:\/\/peick-automation.ro\/wp-content\/uploads\/2024\/01\/Peick-Logo-2011.png\" class=\"ctl_glightbox\"><img loading=\"lazy\" decoding=\"async\" width=\"500\" height=\"281\" src=\"https:\/\/peick-automation.ro\/wp-content\/uploads\/2024\/01\/Peick-Logo-2011.png\" class=\"story-img wp-post-image\" alt=\"Den Erfolg pr\u00e4sentieren\" srcset=\"https:\/\/peick-automation.ro\/wp-content\/uploads\/2024\/01\/Peick-Logo-2011.png 500w, https:\/\/peick-automation.ro\/wp-content\/uploads\/2024\/01\/Peick-Logo-2011-300x169.png 300w\" sizes=\"auto, (max-width: 500px) 100vw, 500px\" \/><\/a><\/div><!-- Story Description --><div class=\"ctl-description\"><p>Als unser Unternehmen weiter wuchs und gedieh, haben wir uns 2011 erneut umbenannt, diesmal in Peick F\u00f6rdersysteme GmbH. Diese neue Identit\u00e4t spiegelt unser best\u00e4ndiges Engagement f\u00fcr die F\u00f6rdertechnik wider und feiert unseren Erfolg in diesem Bereich.<\/p>\n<\/div><\/div><\/div><!-- Timeline Content --><div  id=\"ctl-story-2075\" class=\"ctl-story ctl-story-icon even ctl-story-right\" data-aos=\"none\"   data-story-index=\"8\" role=\"article\"><!-- Story Date --><div class=\"ctl-labels\"><div class=\"ctl-label-big story-date\">Januar 1<\/div><\/div><!-- Story Icon --><div class=\"ctl-icon\"><i class= \"fa fas fa-plus-circle\" aria-hidden =\"true\"><\/i><\/div> <!-- Story Arrow --><div class=\"ctl-arrow\"><\/div><!-- Story Content --><div class=\"ctl-content\"><!-- Story Title --><div class=\"ctl-title story-2075\" aria-label=\"2\">Eine neue Identit\u00e4t<\/div><!-- Story Media --><div class=\"ctl-media full\"><a data-glightbox=\"Eine neue Identit\u00e4t\" href=\"https:\/\/peick-automation.ro\/wp-content\/uploads\/2024\/01\/Peick-Maschinenbau-1.png\" class=\"ctl_glightbox\"><img loading=\"lazy\" decoding=\"async\" width=\"500\" height=\"281\" src=\"https:\/\/peick-automation.ro\/wp-content\/uploads\/2024\/01\/Peick-Maschinenbau-1.png\" class=\"story-img wp-post-image\" alt=\"Eine neue Identit\u00e4t\" srcset=\"https:\/\/peick-automation.ro\/wp-content\/uploads\/2024\/01\/Peick-Maschinenbau-1.png 500w, https:\/\/peick-automation.ro\/wp-content\/uploads\/2024\/01\/Peick-Maschinenbau-1-300x169.png 300w\" sizes=\"auto, (max-width: 500px) 100vw, 500px\" \/><\/a><\/div><!-- Story Description --><div class=\"ctl-description\"><p>In Anerkennung unserer erfolgreichen Projekte und bahnbrechenden Entwicklungen in der F\u00f6rdertechnik haben wir uns im Jahr 2007 in Peick Maschinenbau GmbH umbenannt. Diese Umfirmierung ging einher mit der Einrichtung eines hochmodernen Ingenieurb\u00fcros, das unser Engagement f\u00fcr Innovationen in Konstruktion und Montage widerspiegelt.<\/p>\n<\/div><\/div><\/div><!-- Timeline Content --><div  id=\"ctl-story-2072\" class=\"ctl-story ctl-story-icon odd ctl-story-left\" data-aos=\"none\"   data-story-index=\"9\" role=\"article\"><!-- Story Date --><div class=\"ctl-labels\"><div class=\"ctl-label-big story-date\">Januar 1<\/div><\/div><!-- Story Icon --><div class=\"ctl-icon\"><i class= \"fa fas fa-plus-circle\" aria-hidden =\"true\"><\/i><\/div> <!-- Story Arrow --><div class=\"ctl-arrow\"><\/div><!-- Story Content --><div class=\"ctl-content\"><!-- Story Title --><div class=\"ctl-title story-2072\" aria-label=\"2\">Die Kunst des F\u00f6rderns<\/div><!-- Story Media --><div class=\"ctl-media full\"><a data-glightbox=\"Die Kunst des F\u00f6rderns\" href=\"https:\/\/peick-automation.ro\/wp-content\/uploads\/2024\/01\/2005-Foerdersysteme.png\" class=\"ctl_glightbox\"><img loading=\"lazy\" decoding=\"async\" width=\"500\" height=\"281\" src=\"https:\/\/peick-automation.ro\/wp-content\/uploads\/2024\/01\/2005-Foerdersysteme.png\" class=\"story-img wp-post-image\" alt=\"Die Kunst des F\u00f6rderns\" srcset=\"https:\/\/peick-automation.ro\/wp-content\/uploads\/2024\/01\/2005-Foerdersysteme.png 500w, https:\/\/peick-automation.ro\/wp-content\/uploads\/2024\/01\/2005-Foerdersysteme-300x169.png 300w\" sizes=\"auto, (max-width: 500px) 100vw, 500px\" \/><\/a><\/div><!-- Story Description --><div class=\"ctl-description\"><p>In unserem Bestreben nach Diversifizierung haben wir 2005 unseren Schwerpunkt auf die Entwicklung von Lager- und F\u00f6rdersystemen gelegt. Diese strategische Neuausrichtung war ein Zeichen f\u00fcr unser Engagement, neue Horizonte zu erkunden und auf die neuen Bed\u00fcrfnisse der Branche einzugehen.<\/p>\n<\/div><\/div><\/div><!-- Timeline Content --><div  id=\"ctl-story-2069\" class=\"ctl-story ctl-story-icon even ctl-story-right\" data-aos=\"none\"   data-story-index=\"10\" role=\"article\"><!-- Story Date --><div class=\"ctl-labels\"><div class=\"ctl-label-big story-date\">Januar 1<\/div><\/div><!-- Story Icon --><div class=\"ctl-icon\"><i class= \"fa fas fa-plus-circle\" aria-hidden =\"true\"><\/i><\/div> <!-- Story Arrow --><div class=\"ctl-arrow\"><\/div><!-- Story Content --><div class=\"ctl-content\"><!-- Story Title --><div class=\"ctl-title story-2069\" aria-label=\"2\">Wegweisende Entwicklung<\/div><!-- Story Description --><div class=\"ctl-description\"><p>Das Jahr 2000 war ein entscheidender Moment in unserer Geschichte. Ein Gro\u00dfprojekt am AIRPORT CHARLES DE GAULLE \u2013 FRANKREICH hat uns in eine neue \u00c4ra der Innovation und Entwicklung gef\u00fchrt. Dieses Projekt stellte nicht nur unsere F\u00e4higkeiten unter Beweis, sondern wirkte auch als Katalysator f\u00fcr die n\u00e4chste Phase unseres Wachstums.<\/p>\n<\/div><\/div><\/div><!-- Timeline Content --><div  id=\"ctl-story-2061\" class=\"ctl-story ctl-story-icon odd ctl-story-left\" data-aos=\"none\"   data-story-index=\"11\" role=\"article\"><!-- Story Date --><div class=\"ctl-labels\"><div class=\"ctl-label-big story-date\">Januar 1<\/div><\/div><!-- Story Icon --><div class=\"ctl-icon\"><i class= \"fa fas fa-plus-circle\" aria-hidden =\"true\"><\/i><\/div> <!-- Story Arrow --><div class=\"ctl-arrow\"><\/div><!-- Story Content --><div class=\"ctl-content\"><!-- Story Title --><div class=\"ctl-title story-2061\" aria-label=\"2\">Entstehung einer Vision<\/div><!-- Story Description --><div class=\"ctl-description\"><p>1995 begab sich das dynamische Duo Frank Peick und Sandra Peick auf eine bemerkenswerte Reise und gr\u00fcndete die Peick Montagetechnik in der malerischen Stadt Winnenden, Deutschland. Mit einer gemeinsamen Vision und unersch\u00fctterlicher Entschlossenheit legten sie den Grundstein f\u00fcr ein Unternehmen, das die Zukunft der Automatisierung und des Maschinenbaus gestalten sollte.<\/p>\n<\/div><\/div><\/div>\t\t\t\t\t<\/div>\r\n\t\t\t\t\t<div class=\"ctl-end\"><\/div>\r\n\t\t\t\t\t\t\t\t\t<\/div>\r\n\t\t\t<\/div>\r\n\t\t\t\n\t\t<\/div>\n\t\t\t\t\t<\/div>\n\n\t\n<\/div>\n\t\t<\/div>\n\n\t\t\n<style>\n#section_909289075 {\n  padding-top: 30px;\n  padding-bottom: 30px;\n}\n<\/style>\n\t<\/section>\n\t\n\t<section class=\"section\" id=\"section_946581724\">\n\t\t<div class=\"bg section-bg fill bg-fill  \" >\n\n\t\t\t\n\t\t\t\n\t\t\t\n\n\t\t<\/div>\n\n\t\t\n\n\t\t<div class=\"section-content relative\">\n\t\t\t\n\n<div class=\"row\"  id=\"row-1549580960\">\n\n\n\t<div id=\"col-1385300651\" class=\"col medium-4 small-12 large-4\"  >\n\t\t\t\t<div class=\"col-inner\"  >\n\t\t\t\n\t\t\t\n\n\t<div id=\"text-846568402\" class=\"text\">\n\t\t\n\n<blockquote style=\"border-left-width: 4.6px;\">\n<h2 style=\"font-size: 99px;border-left-width: 4.6px;line-height: 1.1em;\"><span data-text-color=\"primary\">3<br><\/span><\/h2>\n<\/blockquote>\n\t\t\n<style>\n#text-846568402 {\n  text-align: left;\n}\n<\/style>\n\t<\/div>\n\t\n<p><span data-text-color=\"primary\"><strong>Standorte<\/strong><\/span><\/p>\n\n\t\t<\/div>\n\t\t\t\t\t<\/div>\n\n\t\n\n\t<div id=\"col-1976753156\" class=\"col medium-4 small-12 large-4\"  >\n\t\t\t\t<div class=\"col-inner\"  >\n\t\t\t\n\t\t\t\n\n\t<div id=\"text-452015196\" class=\"text\">\n\t\t\n\n<blockquote style=\"border-left-width: 4.6px;\">\n<h2 style=\"font-size: 99px;border-left-width: 4.6px;line-height: 1.1em;\"><span data-text-color=\"primary\">66<br><\/span><\/h2>\n<\/blockquote>\n\t\t\n<style>\n#text-452015196 {\n  text-align: left;\n}\n<\/style>\n\t<\/div>\n\t\n<p><span data-text-color=\"primary\"><strong>Mitarbeiter<\/strong><\/span><\/p>\n\n\t\t<\/div>\n\t\t\t\t\t<\/div>\n\n\t\n\n\t<div id=\"col-288025198\" class=\"col medium-4 small-12 large-4\"  >\n\t\t\t\t<div class=\"col-inner\"  >\n\t\t\t\n\t\t\t\n\n\t<div id=\"text-2047907363\" class=\"text\">\n\t\t\n\n<blockquote style=\"border-left-width: 4.6px;\">\n<h2 style=\"font-size: 99px;border-left-width: 4.6px;line-height: 1.1em;\"><span data-text-color=\"primary\">2007<br><\/span><\/h2>\n<\/blockquote>\n\t\t\n<style>\n#text-2047907363 {\n  text-align: left;\n}\n<\/style>\n\t<\/div>\n\t\n\t<div id=\"text-4025400024\" class=\"text\">\n\t\t\n\n<p><span data-text-color=\"primary\"><strong>Gegr\u00fcndet<\/strong><\/span><\/p>\n\t\t\n<style>\n#text-4025400024 {\n  line-height: 1.35;\n}\n<\/style>\n\t<\/div>\n\t\n\n\t\t<\/div>\n\t\t\t\t\t<\/div>\n\n\t\n\n<\/div>\n\n\t\t<\/div>\n\n\t\t\n<style>\n#section_946581724 {\n  padding-top: 100px;\n  padding-bottom: 100px;\n}\n#section_946581724 .section-bg.bg-loaded {\n  background-image: url(https:\/\/peick-automation.ro\/wp-content\/uploads\/2023\/10\/worldmap.png);\n}\n<\/style>\n\t<\/section>\n\t\n","protected":false},"excerpt":{"rendered":"","protected":false},"author":1,"featured_media":0,"parent":0,"menu_order":0,"comment_status":"closed","ping_status":"closed","template":"page-blank.php","meta":{"inline_featured_image":false,"footnotes":""},"class_list":["post-1950","page","type-page","status-publish","hentry"],"_links":{"self":[{"href":"https:\/\/peick-automation.ro\/de\/wp-json\/wp\/v2\/pages\/1950","targetHints":{"allow":["GET"]}}],"collection":[{"href":"https:\/\/peick-automation.ro\/de\/wp-json\/wp\/v2\/pages"}],"about":[{"href":"https:\/\/peick-automation.ro\/de\/wp-json\/wp\/v2\/types\/page"}],"author":[{"embeddable":true,"href":"https:\/\/peick-automation.ro\/de\/wp-json\/wp\/v2\/users\/1"}],"replies":[{"embeddable":true,"href":"https:\/\/peick-automation.ro\/de\/wp-json\/wp\/v2\/comments?post=1950"}],"version-history":[{"count":12,"href":"https:\/\/peick-automation.ro\/de\/wp-json\/wp\/v2\/pages\/1950\/revisions"}],"predecessor-version":[{"id":2565,"href":"https:\/\/peick-automation.ro\/de\/wp-json\/wp\/v2\/pages\/1950\/revisions\/2565"}],"wp:attachment":[{"href":"https:\/\/peick-automation.ro\/de\/wp-json\/wp\/v2\/media?parent=1950"}],"curies":[{"name":"wp","href":"https:\/\/api.w.org\/{rel}","templated":true}]}}